{"id":1775,"date":"2022-07-05T10:51:10","date_gmt":"2022-07-05T08:51:10","guid":{"rendered":"https:\/\/staging.casarural-lliber.com\/?page_id=1775"},"modified":"2022-07-05T15:31:30","modified_gmt":"2022-07-05T13:31:30","slug":"declaracion-sobre-cookies","status":"publish","type":"page","link":"https:\/\/casarural-lliber.com\/es\/declaracion-sobre-cookies\/","title":{"rendered":"Declaraci\u00f3n sobre cookies"},"content":{"rendered":"<p>[et_pb_section fb_built=\u00bb1&#8243; _builder_version=\u00bb4.17.4&#8243; _module_preset=\u00bbdefault\u00bb use_background_color_gradient=\u00bbon\u00bb background_color_gradient_type=\u00bbelliptical\u00bb background_color_gradient_stops=\u00bbrgba(10,10,10,0.36) 43%|#000000 100%\u00bb background_color_gradient_overlays_image=\u00bbon\u00bb background_image=\u00bbhttps:\/\/casarural-lliber.com\/wp-content\/uploads\/2022\/06\/UDX_4903.jpg\u00bb min_height=\u00bb350px\u00bb height=\u00bb40vh\u00bb max_height=\u00bb40vh\u00bb custom_margin=\u00bb-180px||||false|false\u00bb global_colors_info=\u00bb{}\u00bb][et_pb_row _builder_version=\u00bb4.17.4&#8243; _module_preset=\u00bbdefault\u00bb custom_margin=\u00bb20vh|auto||auto|false|false\u00bb global_colors_info=\u00bb{}\u00bb][et_pb_column type=\u00bb4_4&#8243; _builder_version=\u00bb4.17.4&#8243; _module_preset=\u00bbdefault\u00bb global_colors_info=\u00bb{}\u00bb][et_pb_text _builder_version=\u00bb4.17.4&#8243; _dynamic_attributes=\u00bbcontent\u00bb _module_preset=\u00bbdefault\u00bb header_2_font=\u00bbLibre Baskerville||||||||\u00bb header_2_text_align=\u00bbright\u00bb header_2_text_color=\u00bb#ffffff\u00bb header_2_font_size=\u00bb3em\u00bb header_2_text_align_tablet=\u00bbright\u00bb header_2_text_align_phone=\u00bbcenter\u00bb header_2_text_align_last_edited=\u00bbon|tablet\u00bb header_2_font_size_tablet=\u00bb2em\u00bb header_2_font_size_phone=\u00bb2em\u00bb header_2_font_size_last_edited=\u00bbon|phone\u00bb header_2_text_shadow_style=\u00bbpreset1&#8243; global_colors_info=\u00bb{}\u00bb]@ET-DC@eyJkeW5hbWljIjp0cnVlLCJjb250ZW50IjoicG9zdF90aXRsZSIsInNldHRpbmdzIjp7ImJlZm9yZSI6IjxoMj4iLCJhZnRlciI6IjwvaDI+In19@[\/et_pb_text][\/et_pb_column][\/et_pb_row][\/et_pb_section][et_pb_section fb_built=\u00bb1&#8243; _builder_version=\u00bb4.17.4&#8243; _module_preset=\u00bbdefault\u00bb global_colors_info=\u00bb{}\u00bb][et_pb_row _builder_version=\u00bb4.17.4&#8243; _module_preset=\u00bbdefault\u00bb global_colors_info=\u00bb{}\u00bb][et_pb_column type=\u00bb4_4&#8243; _builder_version=\u00bb4.17.4&#8243; _module_preset=\u00bbdefault\u00bb global_colors_info=\u00bb{}\u00bb][et_pb_text _builder_version=\u00bb4.17.4&#8243; _module_preset=\u00bbdefault\u00bb hover_enabled=\u00bb0&#8243; global_colors_info=\u00bb{}\u00bb sticky_enabled=\u00bb0&#8243;]<\/p>\n<h1>Declaraci\u00f3n de cookies de Casa Rural-Lliber<\/h1>\n<h2>1. Uso de cookies<\/h2>\n<p><a href=\"https:\/\/www.casarural-lliber.com\">https:\/\/www.casarural-lliber.com<\/a> hace uso de cookies. Una cookie es un simple y peque\u00f1o archivo que se env\u00eda con las p\u00e1ginas de este sitio web y\/o aplicaciones Flash y que su navegador almacena en el disco duro de su ordenador, tel\u00e9fono m\u00f3vil, smartwatch o tableta. La informaci\u00f3n almacenada en ella puede ser enviada a nuestros servidores en su pr\u00f3xima visita.<br \/>El uso de cookies es muy importante para el buen funcionamiento de nuestro sitio web, pero tambi\u00e9n son muy importantes las cookies cuyo efecto no se ve inmediatamente. Gracias a las aportaciones (an\u00f3nimas) de los visitantes, podemos mejorar el uso del sitio web y hacerlo m\u00e1s f\u00e1cil de usar.<\/p>\n<h2>2. Consentimiento para el uso de cookies<\/h2>\n<p>Se requiere su consentimiento para el uso de ciertas cookies. Esto lo hacemos mediante el llamado banner de cookies.<\/p>\n<h2>3. Los tipos de cookies utilizados y su finalidad<\/h2>\n<p>Utilizamos los siguientes tipos de cookies:<\/p>\n<p><strong>Cookies funcionales:<\/strong> permiten que el sitio web funcione mejor y sea m\u00e1s f\u00e1cil de usar para el visitante.<\/p>\n<p><strong>Cookies anal\u00edticas:<\/strong> permiten que cada vez que se visita un sitio web se genere una cookie an\u00f3nima. Estas cookies saben si usted ha visitado el sitio antes o no. S\u00f3lo en la primera visita se genera una cookie, en las siguientes se utiliza la ya existente. Esta cookie se utiliza \u00fanicamente con fines estad\u00edsticos. Con \u00e9l se pueden recoger los siguientes datos:<\/p>\n<ul>\n<li>el n\u00famero de visitantes \u00fanicos<\/li>\n<li>la frecuencia con la que los usuarios visitan el sitio<\/li>\n<li>qu\u00e9 p\u00e1ginas ven los usuarios<\/li>\n<li>Cu\u00e1nto tiempo ven los usuarios una p\u00e1gina determinada<\/li>\n<li>En qu\u00e9 p\u00e1gina los visitantes abandonan el sitio<\/li>\n<\/ul>\n<h2>4. Sus derechos en relaci\u00f3n con sus datos<\/h2>\n<p>Tiene derecho a acceder, rectificar, restringir y eliminar los datos personales. Adem\u00e1s, tiene derecho a oponerse al tratamiento de los datos personales y a la portabilidad de los datos. Puede ejercer estos derechos envi\u00e1ndonos un correo electr\u00f3nico a trav\u00e9s de info@casarural-lliber.com.<br \/>Para evitar un uso indebido, podemos pedirle que se identifique adecuadamente. Cuando se trata de acceder a datos personales vinculados a una cookie, le pedimos que nos env\u00ede una copia de la cookie en cuesti\u00f3n. Puede encontrarlo en la configuraci\u00f3n de su navegador.<\/p>\n<h2>5. Bloqueo y eliminaci\u00f3n de cookies<\/h2>\n<p>Usted mismo puede bloquear y eliminar f\u00e1cilmente las cookies en cualquier momento utilizando su navegador de Internet. Tambi\u00e9n puede configurar su navegador de Internet de manera que reciba un mensaje cuando se coloque una cookie. Tambi\u00e9n puede indicar que no se coloquen determinadas cookies. Para esta opci\u00f3n, consulte la funci\u00f3n de ayuda de su navegador. La eliminaci\u00f3n de las cookies en su navegador puede tener consecuencias para el uso agradable de este sitio web.<\/p>\n<p>Tenga en cuenta que si no desea las cookies, no podemos garantizar que nuestro sitio web funcione correctamente. Es posible que se pierdan algunas funciones del sitio o que no pueda visitarlo en absoluto.<\/p>\n<p>La forma de ajustar la configuraci\u00f3n var\u00eda de un navegador a otro. Si es necesario, consulte la funci\u00f3n de ayuda de su navegador, o haga clic en uno de los siguientes enlaces web para ir directamente al manual de su navegador.<br \/><strong>Firefox:<\/strong> <a href=\"https:\/\/support.mozilla.org\/nl\/kb\/cookies-verwijderen-gegevens-wissen-websites-%20guardado\">https:\/\/support.mozilla.org\/nl\/kb\/cookies-verwijderen-gegevens-wissen-websites- guardado<\/a><br \/><strong>Google Chrome:<\/strong> <a href=\"https:\/\/support.google.com\/chrome\/answer\/95647?co=GENIE.Platform=Desktop&amp;hl=nl\">https:\/\/support.google.com\/chrome\/answer\/95647?co=GENIE.Platform=Desktop&amp;hl=nl<\/a><br \/><strong>Internet Explorer:<\/strong> <a href=\"https:\/\/support.microsoft.com\/nl-nl\/kb\/278835\">https:\/\/support.microsoft.com\/nl-nl\/kb\/278835<\/a><br \/><strong>Safari:<\/strong> <a href=\"https:\/\/support.apple.com\/kb\/ph21411?locale=nl_NL\">https:\/\/support.apple.com\/kb\/ph21411?locale=nl_NL<\/a><\/p>\n<h2>6. Novedades y galletas imprevistas<\/h2>\n<p>Los textos de nuestro sitio web pueden modificarse en cualquier momento debido a la evoluci\u00f3n en curso. Esto tambi\u00e9n se aplica a nuestra declaraci\u00f3n de cookies. Por favor, revise esta declaraci\u00f3n regularmente para estar al tanto de cualquier cambio. En los art\u00edculos del blog se pueden utilizar contenidos que est\u00e1n alojados en otros sitios y que pueden ser divulgados en Casa Rural-Lliber mediante determinados c\u00f3digos (contenidos embebidos). Piensa, por ejemplo, en los v\u00eddeos de YouTube. Estos c\u00f3digos suelen hacer uso de cookies. No tenemos control sobre lo que estos terceros hacen con sus cookies.<br \/>Tambi\u00e9n es posible que se coloquen cookies a trav\u00e9s de nuestros sitios web por parte de otros, de los que nosotros mismos no siempre somos conscientes. \u00bfHa encontrado en nuestro sitio web cookies imprevistas que no puede encontrar en nuestro resumen? Por favor, inf\u00f3rmenos a trav\u00e9s de info@casarural- lliber.com. Tambi\u00e9n puede ponerse en contacto directamente con el tercero y preguntar qu\u00e9 cookies colocan, el motivo por el que lo hacen, la duraci\u00f3n de la cookie y c\u00f3mo han garantizado su privacidad.<\/p>\n<h2>7. Observaciones finales<\/h2>\n<p>Tendremos que modificar estas declaraciones de vez en cuando, por ejemplo, cuando actualicemos nuestro sitio web o cambiemos las normas sobre las cookies. Puede consultar esta p\u00e1gina web para conocer la \u00faltima versi\u00f3n.<br \/>Si tiene alguna pregunta o comentario, p\u00f3ngase en contacto con info@casarural- lliber.com.<\/p>\n<p>Esta versi\u00f3n se produjo en julio de 2022.<\/p>\n<p>[\/et_pb_text][\/et_pb_column][\/et_pb_row][\/et_pb_section]<\/p>\n","protected":false},"excerpt":{"rendered":"<p>Declaraci\u00f3n de cookies de Casa Rural-Lliber 1. Uso de cookies https:\/\/www.casarural-lliber.com hace uso de cookies. Una cookie es un simple y peque\u00f1o archivo que se env\u00eda con las p\u00e1ginas de este sitio web y\/o aplicaciones Flash y que su navegador almacena en el disco duro de su ordenador, tel\u00e9fono m\u00f3vil, smartwatch o tableta. La informaci\u00f3n [&hellip;]<\/p>\n","protected":false},"author":1,"featured_media":0,"parent":0,"menu_order":0,"comment_status":"closed","ping_status":"closed","template":"","meta":{"_et_pb_use_builder":"on","_et_pb_old_content":"","_et_gb_content_width":"","footnotes":""},"class_list":["post-1775","page","type-page","status-publish","hentry"],"yoast_head":"<!-- This site is optimized with the Yoast SEO plugin v27.4 - https:\/\/yoast.com\/product\/yoast-seo-wordpress\/ -->\n<title>Hotel Casa Rural Lliber | 4 Estrellas Casa Rural | Cookies<\/title>\n<meta name=\"description\" content=\"Casa Rural Lliber**** es un hotel de lujo con desayuno y bar de vinos en hist\u00f3rico Lliber. En el coraz\u00f3n de la Vall de Pop se encuentra la Casa Rural Lliber**** | Reserva segura.\" \/>\n<meta name=\"robots\" content=\"index, follow, max-snippet:-1, max-image-preview:large, max-video-preview:-1\" \/>\n<link rel=\"canonical\" href=\"https:\/\/casarural-lliber.com\/es\/declaracion-sobre-cookies\/\" \/>\n<meta property=\"og:locale\" content=\"es_ES\" \/>\n<meta property=\"og:type\" content=\"article\" \/>\n<meta property=\"og:title\" content=\"Hotel Casa Rural Lliber | 4 Estrellas Casa Rural | Cookies\" \/>\n<meta property=\"og:description\" content=\"Casa Rural Lliber**** es un hotel de lujo con desayuno y bar de vinos en hist\u00f3rico Lliber. En el coraz\u00f3n de la Vall de Pop se encuentra la Casa Rural Lliber**** | Reserva segura.\" \/>\n<meta property=\"og:url\" content=\"https:\/\/casarural-lliber.com\/es\/declaracion-sobre-cookies\/\" \/>\n<meta property=\"og:site_name\" content=\"Casa Rural Lliber\" \/>\n<meta property=\"article:publisher\" content=\"https:\/\/www.facebook.com\/casarurallliber\" \/>\n<meta property=\"article:modified_time\" content=\"2022-07-05T13:31:30+00:00\" \/>\n<meta property=\"og:image\" content=\"https:\/\/casarural-lliber.com\/wp-content\/uploads\/2022\/06\/casa-rural-lliber-hotel-25.jpeg\" \/>\n\t<meta property=\"og:image:width\" content=\"2560\" \/>\n\t<meta property=\"og:image:height\" content=\"1707\" \/>\n\t<meta property=\"og:image:type\" content=\"image\/jpeg\" \/>\n<meta name=\"twitter:card\" content=\"summary_large_image\" \/>\n<meta name=\"twitter:label1\" content=\"Tiempo de lectura\" \/>\n\t<meta name=\"twitter:data1\" content=\"6 minutos\" \/>\n<script type=\"application\/ld+json\" class=\"yoast-schema-graph\">{\"@context\":\"https:\\\/\\\/schema.org\",\"@graph\":[{\"@type\":\"WebPage\",\"@id\":\"https:\\\/\\\/casarural-lliber.com\\\/es\\\/declaracion-sobre-cookies\\\/\",\"url\":\"https:\\\/\\\/casarural-lliber.com\\\/es\\\/declaracion-sobre-cookies\\\/\",\"name\":\"Hotel Casa Rural Lliber | 4 Estrellas Casa Rural | Cookies\",\"isPartOf\":{\"@id\":\"https:\\\/\\\/casarural-lliber.com\\\/es\\\/#website\"},\"datePublished\":\"2022-07-05T08:51:10+00:00\",\"dateModified\":\"2022-07-05T13:31:30+00:00\",\"description\":\"Casa Rural Lliber**** es un hotel de lujo con desayuno y bar de vinos en hist\u00f3rico Lliber. En el coraz\u00f3n de la Vall de Pop se encuentra la Casa Rural Lliber**** | Reserva segura.\",\"breadcrumb\":{\"@id\":\"https:\\\/\\\/casarural-lliber.com\\\/es\\\/declaracion-sobre-cookies\\\/#breadcrumb\"},\"inLanguage\":\"es\",\"potentialAction\":[{\"@type\":\"ReadAction\",\"target\":[\"https:\\\/\\\/casarural-lliber.com\\\/es\\\/declaracion-sobre-cookies\\\/\"]}]},{\"@type\":\"BreadcrumbList\",\"@id\":\"https:\\\/\\\/casarural-lliber.com\\\/es\\\/declaracion-sobre-cookies\\\/#breadcrumb\",\"itemListElement\":[{\"@type\":\"ListItem\",\"position\":1,\"name\":\"Home\",\"item\":\"https:\\\/\\\/casarural-lliber.com\\\/es\\\/\"},{\"@type\":\"ListItem\",\"position\":2,\"name\":\"Declaraci\u00f3n sobre cookies\"}]},{\"@type\":\"WebSite\",\"@id\":\"https:\\\/\\\/casarural-lliber.com\\\/es\\\/#website\",\"url\":\"https:\\\/\\\/casarural-lliber.com\\\/es\\\/\",\"name\":\"Casa Rural Lliber\",\"description\":\"Relax, you&#039;ve found us\",\"publisher\":{\"@id\":\"https:\\\/\\\/casarural-lliber.com\\\/es\\\/#organization\"},\"potentialAction\":[{\"@type\":\"SearchAction\",\"target\":{\"@type\":\"EntryPoint\",\"urlTemplate\":\"https:\\\/\\\/casarural-lliber.com\\\/es\\\/?s={search_term_string}\"},\"query-input\":{\"@type\":\"PropertyValueSpecification\",\"valueRequired\":true,\"valueName\":\"search_term_string\"}}],\"inLanguage\":\"es\"},{\"@type\":\"Organization\",\"@id\":\"https:\\\/\\\/casarural-lliber.com\\\/es\\\/#organization\",\"name\":\"Casa Rural Lliber\",\"url\":\"https:\\\/\\\/casarural-lliber.com\\\/es\\\/\",\"logo\":{\"@type\":\"ImageObject\",\"inLanguage\":\"es\",\"@id\":\"https:\\\/\\\/casarural-lliber.com\\\/es\\\/#\\\/schema\\\/logo\\\/image\\\/\",\"url\":\"https:\\\/\\\/casarural-lliber.com\\\/wp-content\\\/uploads\\\/2022\\\/05\\\/casa-rural-lliber-logo-white.png\",\"contentUrl\":\"https:\\\/\\\/casarural-lliber.com\\\/wp-content\\\/uploads\\\/2022\\\/05\\\/casa-rural-lliber-logo-white.png\",\"width\":1920,\"height\":963,\"caption\":\"Casa Rural Lliber\"},\"image\":{\"@id\":\"https:\\\/\\\/casarural-lliber.com\\\/es\\\/#\\\/schema\\\/logo\\\/image\\\/\"},\"sameAs\":[\"https:\\\/\\\/www.facebook.com\\\/casarurallliber\"]}]}<\/script>\n<!-- \/ Yoast SEO plugin. -->","yoast_head_json":{"title":"Hotel Casa Rural Lliber | 4 Estrellas Casa Rural | Cookies","description":"Casa Rural Lliber**** es un hotel de lujo con desayuno y bar de vinos en hist\u00f3rico Lliber. En el coraz\u00f3n de la Vall de Pop se encuentra la Casa Rural Lliber**** | Reserva segura.","robots":{"index":"index","follow":"follow","max-snippet":"max-snippet:-1","max-image-preview":"max-image-preview:large","max-video-preview":"max-video-preview:-1"},"canonical":"https:\/\/casarural-lliber.com\/es\/declaracion-sobre-cookies\/","og_locale":"es_ES","og_type":"article","og_title":"Hotel Casa Rural Lliber | 4 Estrellas Casa Rural | Cookies","og_description":"Casa Rural Lliber**** es un hotel de lujo con desayuno y bar de vinos en hist\u00f3rico Lliber. En el coraz\u00f3n de la Vall de Pop se encuentra la Casa Rural Lliber**** | Reserva segura.","og_url":"https:\/\/casarural-lliber.com\/es\/declaracion-sobre-cookies\/","og_site_name":"Casa Rural Lliber","article_publisher":"https:\/\/www.facebook.com\/casarurallliber","article_modified_time":"2022-07-05T13:31:30+00:00","og_image":[{"width":2560,"height":1707,"url":"https:\/\/casarural-lliber.com\/wp-content\/uploads\/2022\/06\/casa-rural-lliber-hotel-25.jpeg","type":"image\/jpeg"}],"twitter_card":"summary_large_image","twitter_misc":{"Tiempo de lectura":"6 minutos"},"schema":{"@context":"https:\/\/schema.org","@graph":[{"@type":"WebPage","@id":"https:\/\/casarural-lliber.com\/es\/declaracion-sobre-cookies\/","url":"https:\/\/casarural-lliber.com\/es\/declaracion-sobre-cookies\/","name":"Hotel Casa Rural Lliber | 4 Estrellas Casa Rural | Cookies","isPartOf":{"@id":"https:\/\/casarural-lliber.com\/es\/#website"},"datePublished":"2022-07-05T08:51:10+00:00","dateModified":"2022-07-05T13:31:30+00:00","description":"Casa Rural Lliber**** es un hotel de lujo con desayuno y bar de vinos en hist\u00f3rico Lliber. En el coraz\u00f3n de la Vall de Pop se encuentra la Casa Rural Lliber**** | Reserva segura.","breadcrumb":{"@id":"https:\/\/casarural-lliber.com\/es\/declaracion-sobre-cookies\/#breadcrumb"},"inLanguage":"es","potentialAction":[{"@type":"ReadAction","target":["https:\/\/casarural-lliber.com\/es\/declaracion-sobre-cookies\/"]}]},{"@type":"BreadcrumbList","@id":"https:\/\/casarural-lliber.com\/es\/declaracion-sobre-cookies\/#breadcrumb","itemListElement":[{"@type":"ListItem","position":1,"name":"Home","item":"https:\/\/casarural-lliber.com\/es\/"},{"@type":"ListItem","position":2,"name":"Declaraci\u00f3n sobre cookies"}]},{"@type":"WebSite","@id":"https:\/\/casarural-lliber.com\/es\/#website","url":"https:\/\/casarural-lliber.com\/es\/","name":"Casa Rural Lliber","description":"Relax, you&#039;ve found us","publisher":{"@id":"https:\/\/casarural-lliber.com\/es\/#organization"},"potentialAction":[{"@type":"SearchAction","target":{"@type":"EntryPoint","urlTemplate":"https:\/\/casarural-lliber.com\/es\/?s={search_term_string}"},"query-input":{"@type":"PropertyValueSpecification","valueRequired":true,"valueName":"search_term_string"}}],"inLanguage":"es"},{"@type":"Organization","@id":"https:\/\/casarural-lliber.com\/es\/#organization","name":"Casa Rural Lliber","url":"https:\/\/casarural-lliber.com\/es\/","logo":{"@type":"ImageObject","inLanguage":"es","@id":"https:\/\/casarural-lliber.com\/es\/#\/schema\/logo\/image\/","url":"https:\/\/casarural-lliber.com\/wp-content\/uploads\/2022\/05\/casa-rural-lliber-logo-white.png","contentUrl":"https:\/\/casarural-lliber.com\/wp-content\/uploads\/2022\/05\/casa-rural-lliber-logo-white.png","width":1920,"height":963,"caption":"Casa Rural Lliber"},"image":{"@id":"https:\/\/casarural-lliber.com\/es\/#\/schema\/logo\/image\/"},"sameAs":["https:\/\/www.facebook.com\/casarurallliber"]}]}},"_links":{"self":[{"href":"https:\/\/casarural-lliber.com\/es\/wp-json\/wp\/v2\/pages\/1775","targetHints":{"allow":["GET"]}}],"collection":[{"href":"https:\/\/casarural-lliber.com\/es\/wp-json\/wp\/v2\/pages"}],"about":[{"href":"https:\/\/casarural-lliber.com\/es\/wp-json\/wp\/v2\/types\/page"}],"author":[{"embeddable":true,"href":"https:\/\/casarural-lliber.com\/es\/wp-json\/wp\/v2\/users\/1"}],"replies":[{"embeddable":true,"href":"https:\/\/casarural-lliber.com\/es\/wp-json\/wp\/v2\/comments?post=1775"}],"version-history":[{"count":6,"href":"https:\/\/casarural-lliber.com\/es\/wp-json\/wp\/v2\/pages\/1775\/revisions"}],"predecessor-version":[{"id":1822,"href":"https:\/\/casarural-lliber.com\/es\/wp-json\/wp\/v2\/pages\/1775\/revisions\/1822"}],"wp:attachment":[{"href":"https:\/\/casarural-lliber.com\/es\/wp-json\/wp\/v2\/media?parent=1775"}],"curies":[{"name":"wp","href":"https:\/\/api.w.org\/{rel}","templated":true}]}}