{"id":257,"date":"2022-05-31T16:39:16","date_gmt":"2022-05-31T14:39:16","guid":{"rendered":"https:\/\/staging.casarural-lliber.com\/?page_id=257"},"modified":"2023-05-31T18:47:57","modified_gmt":"2023-05-31T16:47:57","slug":"ambiente","status":"publish","type":"page","link":"https:\/\/casarural-lliber.com\/es\/ambiente\/","title":{"rendered":"Ambiente"},"content":{"rendered":"<p>[et_pb_section fb_built=\u00bb1&#8243; _builder_version=\u00bb4.18.0&#8243; _module_preset=\u00bbdefault\u00bb use_background_color_gradient=\u00bbon\u00bb background_color_gradient_type=\u00bbelliptical\u00bb background_color_gradient_stops=\u00bbrgba(10,1,1,0.36) 43%|#0a0101 100%\u00bb background_color_gradient_overlays_image=\u00bbon\u00bb background_image=\u00bbhttps:\/\/casarural-lliber.com\/wp-content\/uploads\/2022\/09\/STYLEDWAY-11092022-029.jpg\u00bb min_height=\u00bb350px\u00bb height=\u00bb40vh\u00bb max_height=\u00bb40vh\u00bb custom_margin=\u00bb-180px||||false|false\u00bb global_colors_info=\u00bb{}\u00bb][et_pb_row _builder_version=\u00bb4.17.4&#8243; _module_preset=\u00bbdefault\u00bb custom_margin=\u00bb20vh|auto||auto|false|false\u00bb global_colors_info=\u00bb{}\u00bb][et_pb_column type=\u00bb4_4&#8243; _builder_version=\u00bb4.17.4&#8243; _module_preset=\u00bbdefault\u00bb global_colors_info=\u00bb{}\u00bb][et_pb_text _builder_version=\u00bb4.17.4&#8243; _dynamic_attributes=\u00bbcontent\u00bb _module_preset=\u00bbdefault\u00bb header_2_font=\u00bbLibre Baskerville||||||||\u00bb header_2_text_align=\u00bbright\u00bb header_2_text_color=\u00bb#FFFFFF\u00bb header_2_font_size=\u00bb3em\u00bb header_2_text_align_tablet=\u00bbright\u00bb header_2_text_align_phone=\u00bbcenter\u00bb header_2_text_align_last_edited=\u00bbon|phone\u00bb header_2_font_size_tablet=\u00bb3em\u00bb header_2_font_size_phone=\u00bb2.5em\u00bb header_2_font_size_last_edited=\u00bbon|phone\u00bb header_2_text_shadow_style=\u00bbpreset1&#8243; global_colors_info=\u00bb{}\u00bb]@ET-DC@eyJkeW5hbWljIjp0cnVlLCJjb250ZW50IjoicG9zdF90aXRsZSIsInNldHRpbmdzIjp7ImJlZm9yZSI6IjxoMj4iLCJhZnRlciI6IjwvaDI+In19@[\/et_pb_text][\/et_pb_column][\/et_pb_row][\/et_pb_section][et_pb_section fb_built=\u00bb1&#8243; _builder_version=\u00bb4.17.4&#8243; _module_preset=\u00bbdefault\u00bb custom_padding=\u00bb||||false|false\u00bb global_colors_info=\u00bb{}\u00bb][et_pb_row _builder_version=\u00bb4.17.4&#8243; _module_preset=\u00bbdefault\u00bb custom_padding=\u00bb||||false|false\u00bb global_colors_info=\u00bb{}\u00bb][et_pb_column type=\u00bb4_4&#8243; _builder_version=\u00bb4.17.4&#8243; _module_preset=\u00bbdefault\u00bb global_colors_info=\u00bb{}\u00bb][et_pb_text content_tablet=\u00bb<\/p>\n<h2>Ambiente de Lliber<\/h2>\n<p>\u00bb content_phone=\u00bb<\/p>\n<h2 style=%22text-align: center;%22>Ambiente de Lliber<\/h2>\n<p>\u00bb content_last_edited=\u00bbon|phone\u00bb module_class=\u00bbtitle\u00bb _builder_version=\u00bb4.17.4&#8243; _module_preset=\u00bbdefault\u00bb global_colors_info=\u00bb{}\u00bb]<\/p>\n<h2>Ambiente de Lliber<\/h2>\n<p>[\/et_pb_text][et_pb_text _builder_version=\u00bb4.19.5&#8243; _module_preset=\u00bbdefault\u00bb animation_style=\u00bbslide\u00bb animation_direction=\u00bbleft\u00bb global_colors_info=\u00bb{}\u00bb]<\/p>\n<p><span>Situado en el coraz\u00f3n del tradicional pueblo hist\u00f3rico de Lliber, y en la famosa zona vitivin\u00edcola del Valle Jal\u00f3n, rodeado por las monta\u00f1as Bernia, encontrar\u00e1 nuestra hermosa Casa Rural&#8230;&#8230;..<\/span><\/p>\n<p>[\/et_pb_text][\/et_pb_column][\/et_pb_row][et_pb_row column_structure=\u00bb3_5,2_5&#8243; _builder_version=\u00bb4.17.4&#8243; _module_preset=\u00bbdefault\u00bb max_width=\u00bb75%\u00bb global_colors_info=\u00bb{}\u00bb][et_pb_column type=\u00bb3_5&#8243; _builder_version=\u00bb4.17.4&#8243; _module_preset=\u00bbdefault\u00bb global_colors_info=\u00bb{}\u00bb][dipl_masonry_gallery image_ids=\u00bb2387,2351,1462,1452,2491,2494,2497,2500,2503,2402,2506,2509,2345,2512,2515,2518&#8243; lightbox_title_and_caption_style=\u00bbbelow_image\u00bb number_of_columns_tablet=\u00bb3&#8243; number_of_columns_phone=\u00bb2&#8243; number_of_columns_last_edited=\u00bbon|phone\u00bb _builder_version=\u00bb4.18.0&#8243; _module_preset=\u00bbdefault\u00bb global_colors_info=\u00bb{}\u00bb][\/dipl_masonry_gallery][\/et_pb_column][et_pb_column type=\u00bb2_5&#8243; _builder_version=\u00bb4.17.4&#8243; _module_preset=\u00bbdefault\u00bb global_colors_info=\u00bb{}\u00bb][et_pb_text _builder_version=\u00bb4.18.0&#8243; _module_preset=\u00bbdefault\u00bb animation_style=\u00bbslide\u00bb animation_direction=\u00bbright\u00bb global_colors_info=\u00bb{}\u00bb]<\/p>\n<p><span>La gente cree que el pueblo Lliber tiene su origen en una villa Romana que Fue llamada \u00abpreadium Lliberii\u00bb (el estado de Liberius).<\/span><\/p>\n<p><span>Lliber y las tierras aleda\u00f1as fueron conquistados por el rey Jaime I de Arag\u00f3n en 1245, contempor\u00e1neo a la expulsi\u00f3n de los Moros en Valencia.<\/span><\/p>\n<p><span>La expulsi\u00f3n de los Moros llev\u00f3 consigo la total despoblaci\u00f3n de Lliber y la ocupaci\u00f3n por parte de los colonos de Llucmajor (Mallorca). Este hecho hist\u00f3rico es la base para el v\u00ednculo entre las dos poblaciones.<\/span><\/p>\n<p>[\/et_pb_text][et_pb_text _builder_version=\u00bb4.17.4&#8243; _module_preset=\u00bbdefault\u00bb animation_style=\u00bbslide\u00bb animation_direction=\u00bbright\u00bb global_colors_info=\u00bb{}\u00bb]<\/p>\n<p><span>Las calles y casas se encuentran llenas con curiosidades que podremos observar mientras caminamos. Herreros y cerrajeros forjaron las puertas y canales en bronce. Algunos con motivos protectores como aldabas en forma de mano. Tambi\u00e9n podremos ver casas que han sido pintadas de azul para la buena suerte, y pilares de piedra en las esquinas sobre las paredes de los edificios para protegerlos contra raspones de los coches.<\/span><\/p>\n<p><span>Tambi\u00e9n tenemos algunos habitantes de las callejuelas que han llenado las fachadas con las plantas m\u00e1s vistosas.<\/span><\/p>\n<p>[\/et_pb_text][et_pb_button button_text=\u00bbSierra de B\u00e8rnia route\u00bb _builder_version=\u00bb4.21.0&#8243; _module_preset=\u00bbdefault\u00bb button_url=\u00bbhttps:\/\/mailtrack.io\/trace\/link\/a1a947a2a1acc2de15ea3ea302b72adf61e3296e?url=https%3A%2F%2Fwww.linkalicante.com%2Fruta-sierra-bernia-circular-senderismo-forat-prcv7%2F&#038;userId=4735487&#038;signature=b8b63f7b496374ce\u00bb hover_enabled=\u00bb0&#8243; sticky_enabled=\u00bb0&#8243; url_new_window=\u00bbon\u00bb custom_margin=\u00bb||10px||false|false\u00bb][\/et_pb_button][et_pb_button button_text=\u00bbLl\u00edber\u00bb _builder_version=\u00bb4.21.0&#8243; _module_preset=\u00bbdefault\u00bb button_url=\u00bbhttps:\/\/mailtrack.io\/trace\/link\/15d66e9be311cfe81d5794640e45f097ab45ef9c?url=https%3A%2F%2Fwww.linkalicante.com%2Flliber-que-ver%2F&#038;userId=4735487&#038;signature=19c0aef470215292&#8243; hover_enabled=\u00bb0&#8243; sticky_enabled=\u00bb0&#8243; url_new_window=\u00bbon\u00bb][\/et_pb_button][\/et_pb_column][\/et_pb_row][\/et_pb_section]<\/p>\n","protected":false},"excerpt":{"rendered":"<p>Ambiente de LliberSituado en el coraz\u00f3n del tradicional pueblo hist\u00f3rico de Lliber, y en la famosa zona vitivin\u00edcola del Valle Jal\u00f3n, rodeado por las monta\u00f1as Bernia, encontrar\u00e1 nuestra hermosa Casa Rural&#8230;&#8230;..<div class=\"et_pb_module dipl_masonry_gallery dipl_masonry_gallery_0\">\n\t\t\t\t\n\t\t\t\t\n\t\t\t\t\n\t\t\t\t\n\t\t\t\t\n\t\t\t\t\n\t\t\t\t<div class=\"et_pb_module_inner\">\n\t\t\t\t\t<div class=\"dipl_masonry_gallery_wrapper\">\n\t\t\t\t<div class=\"dipl_masonry_gallery_item_gutter\"><\/div>\n\t\t\t\t<a href=\"https:\/\/casarural-lliber.com\/wp-content\/uploads\/2022\/09\/STYLEDWAY-11092022-029.jpg\" class=\"dipl_masonry_gallery_item\">\n\t\t\t\t\t\t<div class=\"dipl_masonry_gallery_image_wrapper\"><img width=\"300\" height=\"200\" src=\"https:\/\/casarural-lliber.com\/wp-content\/uploads\/2022\/09\/STYLEDWAY-11092022-029-300x200.jpg\" class=\"attachment-medium size-medium no-lazyload skip-lazy\" alt=\"\" decoding=\"async\" loading=\"lazy\" \/> <span class=\"et_overlay et_pb_inline_icon\" data-icon=\"\ue042\"><\/span><\/div>\n\t\t\t\t\t\t\n\t\t\t\t\t<\/a><a href=\"https:\/\/casarural-lliber.com\/wp-content\/uploads\/2022\/09\/STYLEDWAY-11092022-003.jpg\" class=\"dipl_masonry_gallery_item\">\n\t\t\t\t\t\t<div class=\"dipl_masonry_gallery_image_wrapper\"><img width=\"300\" height=\"200\" src=\"https:\/\/casarural-lliber.com\/wp-content\/uploads\/2022\/09\/STYLEDWAY-11092022-003-300x200.jpg\" class=\"attachment-medium size-medium no-lazyload skip-lazy\" alt=\"\" decoding=\"async\" loading=\"lazy\" \/> <span class=\"et_overlay et_pb_inline_icon\" data-icon=\"\ue042\"><\/span><\/div>\n\t\t\t\t\t\t\n\t\t\t\t\t<\/a><a href=\"https:\/\/casarural-lliber.com\/wp-content\/uploads\/2022\/06\/casa-rural-lliber-hotel-24.jpg\" class=\"dipl_masonry_gallery_item\">\n\t\t\t\t\t\t<div class=\"dipl_masonry_gallery_image_wrapper\"><img width=\"200\" height=\"300\" src=\"https:\/\/casarural-lliber.com\/wp-content\/uploads\/2022\/06\/casa-rural-lliber-hotel-24-200x300.jpg\" class=\"attachment-medium size-medium no-lazyload skip-lazy\" alt=\"\" decoding=\"async\" loading=\"lazy\" \/> <span class=\"et_overlay et_pb_inline_icon\" data-icon=\"\ue042\"><\/span><\/div>\n\t\t\t\t\t\t\n\t\t\t\t\t<\/a><a href=\"https:\/\/casarural-lliber.com\/wp-content\/uploads\/2022\/06\/casa-rural-lliber-hotel-21.jpeg\" class=\"dipl_masonry_gallery_item\">\n\t\t\t\t\t\t<div class=\"dipl_masonry_gallery_image_wrapper\"><img width=\"201\" height=\"300\" src=\"https:\/\/casarural-lliber.com\/wp-content\/uploads\/2022\/06\/casa-rural-lliber-hotel-21-201x300.jpeg\" class=\"attachment-medium size-medium no-lazyload skip-lazy\" alt=\"\" decoding=\"async\" loading=\"lazy\" \/> <span class=\"et_overlay et_pb_inline_icon\" data-icon=\"\ue042\"><\/span><\/div>\n\t\t\t\t\t\t\n\t\t\t\t\t<\/a><a href=\"https:\/\/casarural-lliber.com\/wp-content\/uploads\/2022\/09\/casa-rural-lliber-ambiente-omgeving-01.jpg\" class=\"dipl_masonry_gallery_item\">\n\t\t\t\t\t\t<div class=\"dipl_masonry_gallery_image_wrapper\"><img width=\"300\" height=\"139\" src=\"https:\/\/casarural-lliber.com\/wp-content\/uploads\/2022\/09\/casa-rural-lliber-ambiente-omgeving-01-300x139.jpg\" class=\"attachment-medium size-medium no-lazyload skip-lazy\" alt=\"\" decoding=\"async\" loading=\"lazy\" \/> <span class=\"et_overlay et_pb_inline_icon\" data-icon=\"\ue042\"><\/span><\/div>\n\t\t\t\t\t\t\n\t\t\t\t\t<\/a><a href=\"https:\/\/casarural-lliber.com\/wp-content\/uploads\/2022\/09\/casa-rural-lliber-ambiente-omgeving-02.jpg\" class=\"dipl_masonry_gallery_item\">\n\t\t\t\t\t\t<div class=\"dipl_masonry_gallery_image_wrapper\"><img width=\"135\" height=\"300\" src=\"https:\/\/casarural-lliber.com\/wp-content\/uploads\/2022\/09\/casa-rural-lliber-ambiente-omgeving-02-135x300.jpg\" class=\"attachment-medium size-medium no-lazyload skip-lazy\" alt=\"\" decoding=\"async\" loading=\"lazy\" \/> <span class=\"et_overlay et_pb_inline_icon\" data-icon=\"\ue042\"><\/span><\/div>\n\t\t\t\t\t\t\n\t\t\t\t\t<\/a><a href=\"https:\/\/casarural-lliber.com\/wp-content\/uploads\/2022\/09\/casa-rural-lliber-ambiente-omgeving-03.jpg\" class=\"dipl_masonry_gallery_item\">\n\t\t\t\t\t\t<div class=\"dipl_masonry_gallery_image_wrapper\"><img width=\"300\" height=\"143\" src=\"https:\/\/casarural-lliber.com\/wp-content\/uploads\/2022\/09\/casa-rural-lliber-ambiente-omgeving-03-300x143.jpg\" class=\"attachment-medium size-medium no-lazyload skip-lazy\" alt=\"\" decoding=\"async\" loading=\"lazy\" \/> <span class=\"et_overlay et_pb_inline_icon\" data-icon=\"\ue042\"><\/span><\/div>\n\t\t\t\t\t\t\n\t\t\t\t\t<\/a><a href=\"https:\/\/casarural-lliber.com\/wp-content\/uploads\/2022\/09\/casa-rural-lliber-ambiente-omgeving-04.jpg\" class=\"dipl_masonry_gallery_item\">\n\t\t\t\t\t\t<div class=\"dipl_masonry_gallery_image_wrapper\"><img width=\"300\" height=\"139\" src=\"https:\/\/casarural-lliber.com\/wp-content\/uploads\/2022\/09\/casa-rural-lliber-ambiente-omgeving-04-300x139.jpg\" class=\"attachment-medium size-medium no-lazyload skip-lazy\" alt=\"\" decoding=\"async\" loading=\"lazy\" \/> <span class=\"et_overlay et_pb_inline_icon\" data-icon=\"\ue042\"><\/span><\/div>\n\t\t\t\t\t\t\n\t\t\t\t\t<\/a><a href=\"https:\/\/casarural-lliber.com\/wp-content\/uploads\/2022\/09\/casa-rural-lliber-ambiente-omgeving-05.jpg\" class=\"dipl_masonry_gallery_item\">\n\t\t\t\t\t\t<div class=\"dipl_masonry_gallery_image_wrapper\"><img width=\"151\" height=\"300\" src=\"https:\/\/casarural-lliber.com\/wp-content\/uploads\/2022\/09\/casa-rural-lliber-ambiente-omgeving-05-151x300.jpg\" class=\"attachment-medium size-medium no-lazyload skip-lazy\" alt=\"\" decoding=\"async\" loading=\"lazy\" \/> <span class=\"et_overlay et_pb_inline_icon\" data-icon=\"\ue042\"><\/span><\/div>\n\t\t\t\t\t\t\n\t\t\t\t\t<\/a><a href=\"https:\/\/casarural-lliber.com\/wp-content\/uploads\/2022\/09\/STYLEDWAY-11092022-048.jpg\" class=\"dipl_masonry_gallery_item\">\n\t\t\t\t\t\t<div class=\"dipl_masonry_gallery_image_wrapper\"><img width=\"200\" height=\"300\" src=\"https:\/\/casarural-lliber.com\/wp-content\/uploads\/2022\/09\/STYLEDWAY-11092022-048-200x300.jpg\" class=\"attachment-medium size-medium no-lazyload skip-lazy\" alt=\"\" decoding=\"async\" loading=\"lazy\" \/> <span class=\"et_overlay et_pb_inline_icon\" data-icon=\"\ue042\"><\/span><\/div>\n\t\t\t\t\t\t\n\t\t\t\t\t<\/a><a href=\"https:\/\/casarural-lliber.com\/wp-content\/uploads\/2022\/09\/casa-rural-lliber-ambiente-omgeving-06.jpg\" class=\"dipl_masonry_gallery_item\">\n\t\t\t\t\t\t<div class=\"dipl_masonry_gallery_image_wrapper\"><img width=\"300\" height=\"139\" src=\"https:\/\/casarural-lliber.com\/wp-content\/uploads\/2022\/09\/casa-rural-lliber-ambiente-omgeving-06-300x139.jpg\" class=\"attachment-medium size-medium no-lazyload skip-lazy\" alt=\"\" decoding=\"async\" loading=\"lazy\" \/> <span class=\"et_overlay et_pb_inline_icon\" data-icon=\"\ue042\"><\/span><\/div>\n\t\t\t\t\t\t\n\t\t\t\t\t<\/a><a href=\"https:\/\/casarural-lliber.com\/wp-content\/uploads\/2022\/09\/casa-rural-lliber-ambiente-omgeving-07.jpg\" class=\"dipl_masonry_gallery_item\">\n\t\t\t\t\t\t<div class=\"dipl_masonry_gallery_image_wrapper\"><img width=\"300\" height=\"145\" src=\"https:\/\/casarural-lliber.com\/wp-content\/uploads\/2022\/09\/casa-rural-lliber-ambiente-omgeving-07-300x145.jpg\" class=\"attachment-medium size-medium no-lazyload skip-lazy\" alt=\"\" decoding=\"async\" loading=\"lazy\" \/> <span class=\"et_overlay et_pb_inline_icon\" data-icon=\"\ue042\"><\/span><\/div>\n\t\t\t\t\t\t\n\t\t\t\t\t<\/a><a href=\"https:\/\/casarural-lliber.com\/wp-content\/uploads\/2022\/09\/STYLEDWAY-11092022-001.jpg\" class=\"dipl_masonry_gallery_item\">\n\t\t\t\t\t\t<div class=\"dipl_masonry_gallery_image_wrapper\"><img width=\"300\" height=\"200\" src=\"https:\/\/casarural-lliber.com\/wp-content\/uploads\/2022\/09\/STYLEDWAY-11092022-001-300x200.jpg\" class=\"attachment-medium size-medium no-lazyload skip-lazy\" alt=\"\" decoding=\"async\" loading=\"lazy\" \/> <span class=\"et_overlay et_pb_inline_icon\" data-icon=\"\ue042\"><\/span><\/div>\n\t\t\t\t\t\t\n\t\t\t\t\t<\/a><a href=\"https:\/\/casarural-lliber.com\/wp-content\/uploads\/2022\/09\/casa-rural-lliber-ambiente-omgeving-08.jpg\" class=\"dipl_masonry_gallery_item\">\n\t\t\t\t\t\t<div class=\"dipl_masonry_gallery_image_wrapper\"><img width=\"300\" height=\"139\" src=\"https:\/\/casarural-lliber.com\/wp-content\/uploads\/2022\/09\/casa-rural-lliber-ambiente-omgeving-08-300x139.jpg\" class=\"attachment-medium size-medium no-lazyload skip-lazy\" alt=\"\" decoding=\"async\" loading=\"lazy\" \/> <span class=\"et_overlay et_pb_inline_icon\" data-icon=\"\ue042\"><\/span><\/div>\n\t\t\t\t\t\t\n\t\t\t\t\t<\/a><a href=\"https:\/\/casarural-lliber.com\/wp-content\/uploads\/2022\/09\/casa-rural-lliber-ambiente-omgeving-09.jpg\" class=\"dipl_masonry_gallery_item\">\n\t\t\t\t\t\t<div class=\"dipl_masonry_gallery_image_wrapper\"><img width=\"184\" height=\"300\" src=\"https:\/\/casarural-lliber.com\/wp-content\/uploads\/2022\/09\/casa-rural-lliber-ambiente-omgeving-09-184x300.jpg\" class=\"attachment-medium size-medium no-lazyload skip-lazy\" alt=\"\" decoding=\"async\" loading=\"lazy\" \/> <span class=\"et_overlay et_pb_inline_icon\" data-icon=\"\ue042\"><\/span><\/div>\n\t\t\t\t\t\t\n\t\t\t\t\t<\/a><a href=\"https:\/\/casarural-lliber.com\/wp-content\/uploads\/2022\/09\/casa-rural-lliber-ambiente-omgeving-10.jpg\" class=\"dipl_masonry_gallery_item\">\n\t\t\t\t\t\t<div class=\"dipl_masonry_gallery_image_wrapper\"><img width=\"225\" height=\"300\" src=\"https:\/\/casarural-lliber.com\/wp-content\/uploads\/2022\/09\/casa-rural-lliber-ambiente-omgeving-10-225x300.jpg\" class=\"attachment-medium size-medium no-lazyload skip-lazy\" alt=\"\" decoding=\"async\" loading=\"lazy\" \/> <span class=\"et_overlay et_pb_inline_icon\" data-icon=\"\ue042\"><\/span><\/div>\n\t\t\t\t\t\t\n\t\t\t\t\t<\/a>\n\t\t\t<\/div>\n\t\t\t\t<\/div>\n\t\t\t<\/div>La gente cree que el pueblo Lliber tiene su origen en una villa Romana que Fue llamada [&hellip;]<\/p>\n","protected":false},"author":1,"featured_media":0,"parent":0,"menu_order":0,"comment_status":"closed","ping_status":"closed","template":"","meta":{"_et_pb_use_builder":"on","_et_pb_old_content":"","_et_gb_content_width":"","footnotes":""},"class_list":["post-257","page","type-page","status-publish","hentry"],"yoast_head":"<!-- This site is optimized with the Yoast SEO plugin v27.4 - https:\/\/yoast.com\/product\/yoast-seo-wordpress\/ -->\n<title>Hotel Casa Rural Lliber | 4 Estrellas Casa Rural | Ambiente<\/title>\n<meta name=\"description\" content=\"Situado en el coraz\u00f3n del tradicional pueblo hist\u00f3rico de Lliber, y en la famosa zona vitivin\u00edcola del Valle Jal\u00f3n, rodeado por las monta\u00f1as Bernia, encontrar\u00e1 nuestra hermosa Casa Rural.\" \/>\n<meta name=\"robots\" content=\"index, follow, max-snippet:-1, max-image-preview:large, max-video-preview:-1\" \/>\n<link rel=\"canonical\" href=\"https:\/\/casarural-lliber.com\/es\/ambiente\/\" \/>\n<meta property=\"og:locale\" content=\"es_ES\" \/>\n<meta property=\"og:type\" content=\"article\" \/>\n<meta property=\"og:title\" content=\"Hotel Casa Rural Lliber | 4 Estrellas Casa Rural | Ambiente\" \/>\n<meta property=\"og:description\" content=\"Situado en el coraz\u00f3n del tradicional pueblo hist\u00f3rico de Lliber, y en la famosa zona vitivin\u00edcola del Valle Jal\u00f3n, rodeado por las monta\u00f1as Bernia, encontrar\u00e1 nuestra hermosa Casa Rural.\" \/>\n<meta property=\"og:url\" content=\"https:\/\/casarural-lliber.com\/es\/ambiente\/\" \/>\n<meta property=\"og:site_name\" content=\"Casa Rural Lliber\" \/>\n<meta property=\"article:publisher\" content=\"https:\/\/www.facebook.com\/casarurallliber\" \/>\n<meta property=\"article:modified_time\" content=\"2023-05-31T16:47:57+00:00\" \/>\n<meta property=\"og:image\" content=\"https:\/\/casarural-lliber.com\/wp-content\/uploads\/2022\/06\/casa-rural-lliber-hotel-25.jpeg\" \/>\n\t<meta property=\"og:image:width\" content=\"2560\" \/>\n\t<meta property=\"og:image:height\" content=\"1707\" \/>\n\t<meta property=\"og:image:type\" content=\"image\/jpeg\" \/>\n<meta name=\"twitter:card\" content=\"summary_large_image\" \/>\n<meta name=\"twitter:label1\" content=\"Tiempo de lectura\" \/>\n\t<meta name=\"twitter:data1\" content=\"4 minutos\" \/>\n<script type=\"application\/ld+json\" class=\"yoast-schema-graph\">{\"@context\":\"https:\\\/\\\/schema.org\",\"@graph\":[{\"@type\":\"WebPage\",\"@id\":\"https:\\\/\\\/casarural-lliber.com\\\/es\\\/ambiente\\\/\",\"url\":\"https:\\\/\\\/casarural-lliber.com\\\/es\\\/ambiente\\\/\",\"name\":\"Hotel Casa Rural Lliber | 4 Estrellas Casa Rural | Ambiente\",\"isPartOf\":{\"@id\":\"https:\\\/\\\/casarural-lliber.com\\\/es\\\/#website\"},\"datePublished\":\"2022-05-31T14:39:16+00:00\",\"dateModified\":\"2023-05-31T16:47:57+00:00\",\"description\":\"Situado en el coraz\u00f3n del tradicional pueblo hist\u00f3rico de Lliber, y en la famosa zona vitivin\u00edcola del Valle Jal\u00f3n, rodeado por las monta\u00f1as Bernia, encontrar\u00e1 nuestra hermosa Casa Rural.\",\"breadcrumb\":{\"@id\":\"https:\\\/\\\/casarural-lliber.com\\\/es\\\/ambiente\\\/#breadcrumb\"},\"inLanguage\":\"es\",\"potentialAction\":[{\"@type\":\"ReadAction\",\"target\":[\"https:\\\/\\\/casarural-lliber.com\\\/es\\\/ambiente\\\/\"]}]},{\"@type\":\"BreadcrumbList\",\"@id\":\"https:\\\/\\\/casarural-lliber.com\\\/es\\\/ambiente\\\/#breadcrumb\",\"itemListElement\":[{\"@type\":\"ListItem\",\"position\":1,\"name\":\"Home\",\"item\":\"https:\\\/\\\/casarural-lliber.com\\\/es\\\/\"},{\"@type\":\"ListItem\",\"position\":2,\"name\":\"Ambiente\"}]},{\"@type\":\"WebSite\",\"@id\":\"https:\\\/\\\/casarural-lliber.com\\\/es\\\/#website\",\"url\":\"https:\\\/\\\/casarural-lliber.com\\\/es\\\/\",\"name\":\"Casa Rural Lliber\",\"description\":\"Relax, you&#039;ve found us\",\"publisher\":{\"@id\":\"https:\\\/\\\/casarural-lliber.com\\\/es\\\/#organization\"},\"potentialAction\":[{\"@type\":\"SearchAction\",\"target\":{\"@type\":\"EntryPoint\",\"urlTemplate\":\"https:\\\/\\\/casarural-lliber.com\\\/es\\\/?s={search_term_string}\"},\"query-input\":{\"@type\":\"PropertyValueSpecification\",\"valueRequired\":true,\"valueName\":\"search_term_string\"}}],\"inLanguage\":\"es\"},{\"@type\":\"Organization\",\"@id\":\"https:\\\/\\\/casarural-lliber.com\\\/es\\\/#organization\",\"name\":\"Casa Rural Lliber\",\"url\":\"https:\\\/\\\/casarural-lliber.com\\\/es\\\/\",\"logo\":{\"@type\":\"ImageObject\",\"inLanguage\":\"es\",\"@id\":\"https:\\\/\\\/casarural-lliber.com\\\/es\\\/#\\\/schema\\\/logo\\\/image\\\/\",\"url\":\"https:\\\/\\\/casarural-lliber.com\\\/wp-content\\\/uploads\\\/2022\\\/05\\\/casa-rural-lliber-logo-white.png\",\"contentUrl\":\"https:\\\/\\\/casarural-lliber.com\\\/wp-content\\\/uploads\\\/2022\\\/05\\\/casa-rural-lliber-logo-white.png\",\"width\":1920,\"height\":963,\"caption\":\"Casa Rural Lliber\"},\"image\":{\"@id\":\"https:\\\/\\\/casarural-lliber.com\\\/es\\\/#\\\/schema\\\/logo\\\/image\\\/\"},\"sameAs\":[\"https:\\\/\\\/www.facebook.com\\\/casarurallliber\"]}]}<\/script>\n<!-- \/ Yoast SEO plugin. -->","yoast_head_json":{"title":"Hotel Casa Rural Lliber | 4 Estrellas Casa Rural | Ambiente","description":"Situado en el coraz\u00f3n del tradicional pueblo hist\u00f3rico de Lliber, y en la famosa zona vitivin\u00edcola del Valle Jal\u00f3n, rodeado por las monta\u00f1as Bernia, encontrar\u00e1 nuestra hermosa Casa Rural.","robots":{"index":"index","follow":"follow","max-snippet":"max-snippet:-1","max-image-preview":"max-image-preview:large","max-video-preview":"max-video-preview:-1"},"canonical":"https:\/\/casarural-lliber.com\/es\/ambiente\/","og_locale":"es_ES","og_type":"article","og_title":"Hotel Casa Rural Lliber | 4 Estrellas Casa Rural | Ambiente","og_description":"Situado en el coraz\u00f3n del tradicional pueblo hist\u00f3rico de Lliber, y en la famosa zona vitivin\u00edcola del Valle Jal\u00f3n, rodeado por las monta\u00f1as Bernia, encontrar\u00e1 nuestra hermosa Casa Rural.","og_url":"https:\/\/casarural-lliber.com\/es\/ambiente\/","og_site_name":"Casa Rural Lliber","article_publisher":"https:\/\/www.facebook.com\/casarurallliber","article_modified_time":"2023-05-31T16:47:57+00:00","og_image":[{"width":2560,"height":1707,"url":"https:\/\/casarural-lliber.com\/wp-content\/uploads\/2022\/06\/casa-rural-lliber-hotel-25.jpeg","type":"image\/jpeg"}],"twitter_card":"summary_large_image","twitter_misc":{"Tiempo de lectura":"4 minutos"},"schema":{"@context":"https:\/\/schema.org","@graph":[{"@type":"WebPage","@id":"https:\/\/casarural-lliber.com\/es\/ambiente\/","url":"https:\/\/casarural-lliber.com\/es\/ambiente\/","name":"Hotel Casa Rural Lliber | 4 Estrellas Casa Rural | Ambiente","isPartOf":{"@id":"https:\/\/casarural-lliber.com\/es\/#website"},"datePublished":"2022-05-31T14:39:16+00:00","dateModified":"2023-05-31T16:47:57+00:00","description":"Situado en el coraz\u00f3n del tradicional pueblo hist\u00f3rico de Lliber, y en la famosa zona vitivin\u00edcola del Valle Jal\u00f3n, rodeado por las monta\u00f1as Bernia, encontrar\u00e1 nuestra hermosa Casa Rural.","breadcrumb":{"@id":"https:\/\/casarural-lliber.com\/es\/ambiente\/#breadcrumb"},"inLanguage":"es","potentialAction":[{"@type":"ReadAction","target":["https:\/\/casarural-lliber.com\/es\/ambiente\/"]}]},{"@type":"BreadcrumbList","@id":"https:\/\/casarural-lliber.com\/es\/ambiente\/#breadcrumb","itemListElement":[{"@type":"ListItem","position":1,"name":"Home","item":"https:\/\/casarural-lliber.com\/es\/"},{"@type":"ListItem","position":2,"name":"Ambiente"}]},{"@type":"WebSite","@id":"https:\/\/casarural-lliber.com\/es\/#website","url":"https:\/\/casarural-lliber.com\/es\/","name":"Casa Rural Lliber","description":"Relax, you&#039;ve found us","publisher":{"@id":"https:\/\/casarural-lliber.com\/es\/#organization"},"potentialAction":[{"@type":"SearchAction","target":{"@type":"EntryPoint","urlTemplate":"https:\/\/casarural-lliber.com\/es\/?s={search_term_string}"},"query-input":{"@type":"PropertyValueSpecification","valueRequired":true,"valueName":"search_term_string"}}],"inLanguage":"es"},{"@type":"Organization","@id":"https:\/\/casarural-lliber.com\/es\/#organization","name":"Casa Rural Lliber","url":"https:\/\/casarural-lliber.com\/es\/","logo":{"@type":"ImageObject","inLanguage":"es","@id":"https:\/\/casarural-lliber.com\/es\/#\/schema\/logo\/image\/","url":"https:\/\/casarural-lliber.com\/wp-content\/uploads\/2022\/05\/casa-rural-lliber-logo-white.png","contentUrl":"https:\/\/casarural-lliber.com\/wp-content\/uploads\/2022\/05\/casa-rural-lliber-logo-white.png","width":1920,"height":963,"caption":"Casa Rural Lliber"},"image":{"@id":"https:\/\/casarural-lliber.com\/es\/#\/schema\/logo\/image\/"},"sameAs":["https:\/\/www.facebook.com\/casarurallliber"]}]}},"_links":{"self":[{"href":"https:\/\/casarural-lliber.com\/es\/wp-json\/wp\/v2\/pages\/257","targetHints":{"allow":["GET"]}}],"collection":[{"href":"https:\/\/casarural-lliber.com\/es\/wp-json\/wp\/v2\/pages"}],"about":[{"href":"https:\/\/casarural-lliber.com\/es\/wp-json\/wp\/v2\/types\/page"}],"author":[{"embeddable":true,"href":"https:\/\/casarural-lliber.com\/es\/wp-json\/wp\/v2\/users\/1"}],"replies":[{"embeddable":true,"href":"https:\/\/casarural-lliber.com\/es\/wp-json\/wp\/v2\/comments?post=257"}],"version-history":[{"count":10,"href":"https:\/\/casarural-lliber.com\/es\/wp-json\/wp\/v2\/pages\/257\/revisions"}],"predecessor-version":[{"id":2616,"href":"https:\/\/casarural-lliber.com\/es\/wp-json\/wp\/v2\/pages\/257\/revisions\/2616"}],"wp:attachment":[{"href":"https:\/\/casarural-lliber.com\/es\/wp-json\/wp\/v2\/media?parent=257"}],"curies":[{"name":"wp","href":"https:\/\/api.w.org\/{rel}","templated":true}]}}