{"id":2589,"date":"2023-05-04T08:50:11","date_gmt":"2023-05-04T06:50:11","guid":{"rendered":"https:\/\/casarural-lliber.com\/?page_id=2589"},"modified":"2023-05-09T08:57:55","modified_gmt":"2023-05-09T06:57:55","slug":"condiciones-generales","status":"publish","type":"page","link":"https:\/\/casarural-lliber.com\/es\/condiciones-generales\/","title":{"rendered":"Condiciones generales"},"content":{"rendered":"<p>[et_pb_section fb_built=\u00bb1&#8243; _builder_version=\u00bb4.17.4&#8243; _module_preset=\u00bbdefault\u00bb use_background_color_gradient=\u00bbon\u00bb background_color_gradient_type=\u00bbelliptical\u00bb background_color_gradient_stops=\u00bbrgba(10,0,0,0.36) 43%|#000000 100%\u00bb background_color_gradient_overlays_image=\u00bbon\u00bb background_image=\u00bbhttps:\/\/casarural-lliber.com\/wp-content\/uploads\/2022\/06\/casa-rural-lliber-hotel-2-scaled.jpg\u00bb min_height=\u00bb350px\u00bb height=\u00bb40vh\u00bb max_height=\u00bb40vh\u00bb custom_margin=\u00bb-180px||||false|false\u00bb global_colors_info=\u00bb{}\u00bb][et_pb_row _builder_version=\u00bb4.17.4&#8243; _module_preset=\u00bbdefault\u00bb custom_margin=\u00bb20vh|auto||auto|false|false\u00bb global_colors_info=\u00bb{}\u00bb][et_pb_column type=\u00bb4_4&#8243; _builder_version=\u00bb4.17.4&#8243; _module_preset=\u00bbdefault\u00bb global_colors_info=\u00bb{}\u00bb][et_pb_text _builder_version=\u00bb4.17.4&#8243; _dynamic_attributes=\u00bbcontent\u00bb _module_preset=\u00bbdefault\u00bb header_2_font=\u00bbLibre Baskerville||||||||\u00bb header_2_text_align=\u00bbright\u00bb header_2_text_color=\u00bb#FFFFFF\u00bb header_2_font_size=\u00bb3em\u00bb header_2_text_align_tablet=\u00bbright\u00bb header_2_text_align_phone=\u00bbcenter\u00bb header_2_text_align_last_edited=\u00bbon|phone\u00bb header_2_font_size_tablet=\u00bb3em\u00bb header_2_font_size_phone=\u00bb2.5em\u00bb header_2_font_size_last_edited=\u00bbon|desktop\u00bb header_2_text_shadow_style=\u00bbpreset1&#8243; global_colors_info=\u00bb{}\u00bb]@ET-DC@eyJkeW5hbWljIjp0cnVlLCJjb250ZW50IjoicG9zdF90aXRsZSIsInNldHRpbmdzIjp7ImJlZm9yZSI6IjxoMj4iLCJhZnRlciI6IjwvaDI+In19@[\/et_pb_text][\/et_pb_column][\/et_pb_row][\/et_pb_section][et_pb_section fb_built=\u00bb1&#8243; _builder_version=\u00bb4.17.4&#8243; _module_preset=\u00bbdefault\u00bb global_colors_info=\u00bb{}\u00bb][et_pb_row _builder_version=\u00bb4.17.4&#8243; _module_preset=\u00bbdefault\u00bb global_colors_info=\u00bb{}\u00bb][et_pb_column type=\u00bb4_4&#8243; _builder_version=\u00bb4.17.4&#8243; _module_preset=\u00bbdefault\u00bb global_colors_info=\u00bb{}\u00bb][et_pb_text _builder_version=\u00bb4.21.0&#8243; _module_preset=\u00bbdefault\u00bb hover_enabled=\u00bb0&#8243; global_colors_info=\u00bb{}\u00bb sticky_enabled=\u00bb0&#8243;]<\/p>\n<h2 style=\"font-weight: 400;\"><strong><span>\u00a0<\/span><\/strong><strong>T\u00e9rminos y condiciones generales y reglas de la casa<\/strong><\/h2>\n<p style=\"font-weight: 400;\">\u00a1Bienvenidos a Casa Rural Ll\u00edber!<\/p>\n<p style=\"font-weight: 400;\"><span>\u00a0<\/span>Para crear una estancia agradable para usted y el resto de hu\u00e9spedes, en Casa Rural Lliber se aplican las siguientes condiciones y normas de la casa.<\/p>\n<h3 style=\"font-weight: 400;\"><span>\u00a0<\/span><strong>T\u00e9rminos\u00a0<\/strong><\/h3>\n<p style=\"font-weight: 400;\">Estos T\u00e9rminos y Condiciones \/ Normas de la Casa aplican para todos los usuarios de Casa Rural Lliber. Los T\u00e9rminos y Condiciones entran en vigencia con la confirmaci\u00f3n de la reserva. Previa solicitud, se proporcionar\u00e1 a los usuarios una copia de estos t\u00e9rminos y condiciones de forma gratuita. Nuestra casa rural no es adecuada para ni\u00f1os (peque\u00f1os) y personas con dificultades para caminar.<\/p>\n<h3 style=\"font-weight: 400;\"><span>\u00a0<\/span><strong>Reservas<\/strong><\/h3>\n<p style=\"font-weight: 400;\">A la hora de realizar la reserva, siempre se debe indicar correctamente el n\u00famero de personas que se alojar\u00e1n en Casa Rural Lliber. Las habitaciones son adecuadas para una ocupaci\u00f3n m\u00e1xima de 2 personas. No est\u00e1 permitido pernoctar y\/o permanecer en la habitaci\u00f3n con m\u00e1s de dos personas.<\/p>\n<p style=\"font-weight: 400;\">Al celebrar un contrato de alquiler para su estancia, estos T\u00e9rminos y Condiciones Generales y las reglas de la casa entran en vigencia. El anfitri\u00f3n\/anfitriona puede denegar y\/o rechazar de manera inmediata el acceso a los hu\u00e9spedes a Casa Rural Lliber en caso de la violaci\u00f3n de dichos t\u00e9rminos y condiciones generales y de las normas de la casa y en caso de comportamiento inadecuado, sin m\u00e1s aviso o motivo y sin compensaci\u00f3n por el costes de alojamiento.<\/p>\n<p style=\"font-weight: 400;\">La reserva se puede realizar a trav\u00e9s de nuestra p\u00e1gina web o por correo electr\u00f3nico. Despu\u00e9s de recibir la reserva le enviaremos una confirmaci\u00f3n de la misma. Su reserva ser\u00e1 confirmada solamente despu\u00e9s de realizar el pago (anticipo).<\/p>\n<h3 style=\"font-weight: 400;\"><strong>Cancelaciones<\/strong><\/h3>\n<p style=\"font-weight: 400;\">Usted puede cancelar sin cargo hasta 28 d\u00edas antes de la llegada. Paga el importe total de la reserva si cancela dentro de los 7 d\u00edas antes de la llegada. Si no se presenta para hacer uso de su reserva (no show), se cargar\u00e1 el importe total de la reserva.<\/p>\n<p style=\"font-weight: 400;\">Condiciones de pago<\/p>\n<p style=\"font-weight: 400;\">Despu\u00e9s de recibir la confirmaci\u00f3n de la reserva, usted debe pagar el 30% del precio del alquiler dentro de los pr\u00f3ximos 4 d\u00edas, como se indica en la confirmaci\u00f3n de la reserva. <br \/>Al menos 7 d\u00edas antes del periodo de alquiler de la habitaci\u00f3n, se deber\u00e1 transferir a la cuenta de Casa Rural Lliber el 70% restante del precio total de la habitaci\u00f3n.<\/p>\n<p style=\"font-weight: 400;\">Al reservar en un per\u00edodo inferior a 2 semanas antes del inicio del per\u00edodo de alquiler, debe pagar el precio total de la habitaci\u00f3n de inmediato.<\/p>\n<h3 style=\"font-weight: 400;\"><strong>Invitados<\/strong><\/h3>\n<p style=\"font-weight: 400;\"><span>Si desea recibir invitados, informe al anfitri\u00f3n con anticipaci\u00f3n. <\/span><\/p>\n<h3 style=\"font-weight: 400;\"><strong>Check in<\/strong><\/h3>\n<p style=\"font-weight: 400;\">El check-in es entre las 16:00 p.m. y las 19:00 p.m.: 00 p.m. Se puede organizar un horario diferente en consulta con el anfitri\u00f3n\/anfitriona.<\/p>\n<p style=\"font-weight: 400;\">En cualquier caso, indique al menos un d\u00eda antes de la llegada a qu\u00e9 hora espera llegar y llame o env\u00ede un mensaje por WhatsApp al anfitri\u00f3n o la anfitriona el mismo d\u00eda 30 minutos antes de la llegada. De esta manera seguro que hay alguien disponible y no tiene que esperar innecesariamente. Para el check-in, dir\u00edjase a la puerta principal de la Casa Rural Lliber en la Calle San Jos\u00e9 8 en Lliber.<\/p>\n<h3 style=\"font-weight: 400;\">Check out- Registro de salida<\/h3>\n<p style=\"font-weight: 400;\">Puede hacer el registro de salida entre las 09:00 y las 11:00 el d\u00eda de salida.<\/p>\n<h3 style=\"font-weight: 400;\"><strong>Llave<\/strong><\/h3>\n<p style=\"font-weight: 400;\">A su llegada recibir\u00e1 una llave del anfitri\u00f3n o anfitriona para su estancia. Debe asegurarse de que las puertas de su alojamiento est\u00e9n cerradas con llave y que la luces est\u00e9n apagadas. Al hacer el registro de salida, devuelva la llave al anfitri\u00f3n o la anfitriona. Si pierde la llave, Casa Rural Lliber le cobrar\u00e1 \u20ac150,00.<\/p>\n<h3 style=\"font-weight: 400;\"><strong>Desayuno<\/strong><\/h3>\n<p style=\"font-weight: 400;\">El desayuno se sirve de 09:00 a 10:30 am.<\/p>\n<h3 style=\"font-weight: 400;\"><strong>Estacionamiento\u00a0<\/strong><\/h3>\n<p style=\"font-weight: 400;\">Puede aparcar su coche de forma gratuita en el aparcamiento municipal.<\/p>\n<p style=\"font-weight: 400;\">All\u00ed tambi\u00e9n encuentra dos puntos de recarga para coches el\u00e9ctricos.<\/p>\n<h3 style=\"font-weight: 400;\"><strong>Sonido<\/strong><\/h3>\n<p style=\"font-weight: 400;\">Casa Rural Lliber pide a sus hu\u00e9spedes que se abstengan de hacer ruidos fuertes en sus alojamientos de alquiler y zonas comunes. Toda la m\u00fasica, y cualquier otro sonido que se produzca de cualquier forma debe sintonizarse con la intensidad para ser escuchado en la habitaci\u00f3n, de modo que no surjan molestias por ruido para otros hu\u00e9spedes y residentes locales, y est\u00e1 prohibido hacer ruido de 11:00 p. m. a 8:00 a. m. de la ma\u00f1ana. Pedimos a los hu\u00e9spedes que tengan especial cuidado con la contaminaci\u00f3n ac\u00fastica en la azotea y el patio.<\/p>\n<h3 style=\"font-weight: 400;\"><strong>Mascotas\u00a0<\/strong><\/h3>\n<p style=\"font-weight: 400;\">No se permiten mascotas. A excepci\u00f3n de la reserva previa en la suite 5.<\/p>\n<h3 style=\"font-weight: 400;\"><strong>Fumar\u00a0<\/strong><\/h3>\n<p style=\"font-weight: 400;\">Est\u00e1 prohibido fumar en las habitaciones y zonas comunes.<span>\u00a0<\/span><\/p>\n<h3 style=\"font-weight: 400;\"><strong>Internet\u00a0<\/strong><\/h3>\n<p style=\"font-weight: 400;\">Casarural-Lliber ofrece una red de Wi-Fi gratuita y r\u00e1pida para invitados.<\/p>\n<h3 style=\"font-weight: 400;\"><strong>Televisi\u00f3n<\/strong><\/h3>\n<p style=\"font-weight: 400;\">Casa Rural Lliber tiene una amplia gama de canales con una selecci\u00f3n de canales en espa\u00f1ol, holand\u00e9s e ingl\u00e9s. Las televisiones est\u00e1n equipados con Internet para que tambi\u00e9n pueda transmitir en ellos.<strong><span>\u00a0<\/span><\/strong><\/p>\n<h3 style=\"font-weight: 400;\"><strong>Da\u00f1os\u00a0<\/strong><\/h3>\n<p style=\"font-weight: 400;\">Casa Rural Lliber no se hace responsable de ning\u00fan tipo de da\u00f1o, p\u00e9rdida o robo que pueda tener o experimentar durante su estancia.<\/p>\n<p style=\"font-weight: 400;\">Si se producen da\u00f1os en el alojamiento o en su mobiliario durante su estancia, deber\u00e1 informar al anfitri\u00f3n. Se cobrar\u00e1 cualquier costo que se requiera para reparar cualquier da\u00f1o y dejarlo en su estado original.<\/p>\n<h3 style=\"font-weight: 400;\"><strong>Quejas\u00a0<\/strong><\/h3>\n<p style=\"font-weight: 400;\">Por supuesto, hacemos todo lo posible para ofrecer a nuestros hu\u00e9spedes una estancia sin preocupaciones e inolvidable. Si, a pesar de nuestra buena atenci\u00f3n, hay una queja, nos gustar\u00eda escucharla para poder resolverla de inmediato.<\/p>\n<p style=\"font-weight: 400;\">Le deseamos una estancia muy agradable y placentera.<\/p>\n<p>[\/et_pb_text][\/et_pb_column][\/et_pb_row][\/et_pb_section]<\/p>\n","protected":false},"excerpt":{"rendered":"<p>\u00a0T\u00e9rminos y condiciones generales y reglas de la casa \u00a1Bienvenidos a Casa Rural Ll\u00edber! \u00a0Para crear una estancia agradable para usted y el resto de hu\u00e9spedes, en Casa Rural Lliber se aplican las siguientes condiciones y normas de la casa. \u00a0T\u00e9rminos\u00a0 Estos T\u00e9rminos y Condiciones \/ Normas de la Casa aplican para todos los usuarios [&hellip;]<\/p>\n","protected":false},"author":1,"featured_media":0,"parent":0,"menu_order":0,"comment_status":"closed","ping_status":"closed","template":"","meta":{"_et_pb_use_builder":"on","_et_pb_old_content":"","_et_gb_content_width":"","footnotes":""},"class_list":["post-2589","page","type-page","status-publish","hentry"],"yoast_head":"<!-- This site is optimized with the Yoast SEO plugin v27.4 - https:\/\/yoast.com\/product\/yoast-seo-wordpress\/ -->\n<title>Condiciones generales | Casa Rural Lliber<\/title>\n<meta name=\"robots\" content=\"index, follow, max-snippet:-1, max-image-preview:large, max-video-preview:-1\" \/>\n<link rel=\"canonical\" href=\"https:\/\/casarural-lliber.com\/es\/condiciones-generales\/\" \/>\n<meta property=\"og:locale\" content=\"es_ES\" \/>\n<meta property=\"og:type\" content=\"article\" \/>\n<meta property=\"og:title\" content=\"Condiciones generales | Casa Rural Lliber\" \/>\n<meta property=\"og:description\" content=\"\u00a0T\u00e9rminos y condiciones generales y reglas de la casa \u00a1Bienvenidos a Casa Rural Ll\u00edber! \u00a0Para crear una estancia agradable para usted y el resto de hu\u00e9spedes, en Casa Rural Lliber se aplican las siguientes condiciones y normas de la casa. \u00a0T\u00e9rminos\u00a0 Estos T\u00e9rminos y Condiciones \/ Normas de la Casa aplican para todos los usuarios [&hellip;]\" \/>\n<meta property=\"og:url\" content=\"https:\/\/casarural-lliber.com\/es\/condiciones-generales\/\" \/>\n<meta property=\"og:site_name\" content=\"Casa Rural Lliber\" \/>\n<meta property=\"article:publisher\" content=\"https:\/\/www.facebook.com\/casarurallliber\" \/>\n<meta property=\"article:modified_time\" content=\"2023-05-09T06:57:55+00:00\" \/>\n<meta property=\"og:image\" content=\"https:\/\/casarural-lliber.com\/wp-content\/uploads\/2022\/06\/casa-rural-lliber-hotel-25.jpeg\" \/>\n\t<meta property=\"og:image:width\" content=\"2560\" \/>\n\t<meta property=\"og:image:height\" content=\"1707\" \/>\n\t<meta property=\"og:image:type\" content=\"image\/jpeg\" \/>\n<meta name=\"twitter:card\" content=\"summary_large_image\" \/>\n<meta name=\"twitter:label1\" content=\"Tiempo de lectura\" \/>\n\t<meta name=\"twitter:data1\" content=\"1 minuto\" \/>\n<script type=\"application\/ld+json\" class=\"yoast-schema-graph\">{\"@context\":\"https:\\\/\\\/schema.org\",\"@graph\":[{\"@type\":\"WebPage\",\"@id\":\"https:\\\/\\\/casarural-lliber.com\\\/es\\\/condiciones-generales\\\/\",\"url\":\"https:\\\/\\\/casarural-lliber.com\\\/es\\\/condiciones-generales\\\/\",\"name\":\"Condiciones generales | Casa Rural Lliber\",\"isPartOf\":{\"@id\":\"https:\\\/\\\/casarural-lliber.com\\\/es\\\/#website\"},\"datePublished\":\"2023-05-04T06:50:11+00:00\",\"dateModified\":\"2023-05-09T06:57:55+00:00\",\"breadcrumb\":{\"@id\":\"https:\\\/\\\/casarural-lliber.com\\\/es\\\/condiciones-generales\\\/#breadcrumb\"},\"inLanguage\":\"es\",\"potentialAction\":[{\"@type\":\"ReadAction\",\"target\":[\"https:\\\/\\\/casarural-lliber.com\\\/es\\\/condiciones-generales\\\/\"]}]},{\"@type\":\"BreadcrumbList\",\"@id\":\"https:\\\/\\\/casarural-lliber.com\\\/es\\\/condiciones-generales\\\/#breadcrumb\",\"itemListElement\":[{\"@type\":\"ListItem\",\"position\":1,\"name\":\"Home\",\"item\":\"https:\\\/\\\/casarural-lliber.com\\\/es\\\/\"},{\"@type\":\"ListItem\",\"position\":2,\"name\":\"Condiciones generales\"}]},{\"@type\":\"WebSite\",\"@id\":\"https:\\\/\\\/casarural-lliber.com\\\/es\\\/#website\",\"url\":\"https:\\\/\\\/casarural-lliber.com\\\/es\\\/\",\"name\":\"Casa Rural Lliber\",\"description\":\"Relax, you&#039;ve found us\",\"publisher\":{\"@id\":\"https:\\\/\\\/casarural-lliber.com\\\/es\\\/#organization\"},\"potentialAction\":[{\"@type\":\"SearchAction\",\"target\":{\"@type\":\"EntryPoint\",\"urlTemplate\":\"https:\\\/\\\/casarural-lliber.com\\\/es\\\/?s={search_term_string}\"},\"query-input\":{\"@type\":\"PropertyValueSpecification\",\"valueRequired\":true,\"valueName\":\"search_term_string\"}}],\"inLanguage\":\"es\"},{\"@type\":\"Organization\",\"@id\":\"https:\\\/\\\/casarural-lliber.com\\\/es\\\/#organization\",\"name\":\"Casa Rural Lliber\",\"url\":\"https:\\\/\\\/casarural-lliber.com\\\/es\\\/\",\"logo\":{\"@type\":\"ImageObject\",\"inLanguage\":\"es\",\"@id\":\"https:\\\/\\\/casarural-lliber.com\\\/es\\\/#\\\/schema\\\/logo\\\/image\\\/\",\"url\":\"https:\\\/\\\/casarural-lliber.com\\\/wp-content\\\/uploads\\\/2022\\\/05\\\/casa-rural-lliber-logo-white.png\",\"contentUrl\":\"https:\\\/\\\/casarural-lliber.com\\\/wp-content\\\/uploads\\\/2022\\\/05\\\/casa-rural-lliber-logo-white.png\",\"width\":1920,\"height\":963,\"caption\":\"Casa Rural Lliber\"},\"image\":{\"@id\":\"https:\\\/\\\/casarural-lliber.com\\\/es\\\/#\\\/schema\\\/logo\\\/image\\\/\"},\"sameAs\":[\"https:\\\/\\\/www.facebook.com\\\/casarurallliber\"]}]}<\/script>\n<!-- \/ Yoast SEO plugin. -->","yoast_head_json":{"title":"Condiciones generales | Casa Rural Lliber","robots":{"index":"index","follow":"follow","max-snippet":"max-snippet:-1","max-image-preview":"max-image-preview:large","max-video-preview":"max-video-preview:-1"},"canonical":"https:\/\/casarural-lliber.com\/es\/condiciones-generales\/","og_locale":"es_ES","og_type":"article","og_title":"Condiciones generales | Casa Rural Lliber","og_description":"\u00a0T\u00e9rminos y condiciones generales y reglas de la casa \u00a1Bienvenidos a Casa Rural Ll\u00edber! \u00a0Para crear una estancia agradable para usted y el resto de hu\u00e9spedes, en Casa Rural Lliber se aplican las siguientes condiciones y normas de la casa. \u00a0T\u00e9rminos\u00a0 Estos T\u00e9rminos y Condiciones \/ Normas de la Casa aplican para todos los usuarios [&hellip;]","og_url":"https:\/\/casarural-lliber.com\/es\/condiciones-generales\/","og_site_name":"Casa Rural Lliber","article_publisher":"https:\/\/www.facebook.com\/casarurallliber","article_modified_time":"2023-05-09T06:57:55+00:00","og_image":[{"width":2560,"height":1707,"url":"https:\/\/casarural-lliber.com\/wp-content\/uploads\/2022\/06\/casa-rural-lliber-hotel-25.jpeg","type":"image\/jpeg"}],"twitter_card":"summary_large_image","twitter_misc":{"Tiempo de lectura":"1 minuto"},"schema":{"@context":"https:\/\/schema.org","@graph":[{"@type":"WebPage","@id":"https:\/\/casarural-lliber.com\/es\/condiciones-generales\/","url":"https:\/\/casarural-lliber.com\/es\/condiciones-generales\/","name":"Condiciones generales | Casa Rural Lliber","isPartOf":{"@id":"https:\/\/casarural-lliber.com\/es\/#website"},"datePublished":"2023-05-04T06:50:11+00:00","dateModified":"2023-05-09T06:57:55+00:00","breadcrumb":{"@id":"https:\/\/casarural-lliber.com\/es\/condiciones-generales\/#breadcrumb"},"inLanguage":"es","potentialAction":[{"@type":"ReadAction","target":["https:\/\/casarural-lliber.com\/es\/condiciones-generales\/"]}]},{"@type":"BreadcrumbList","@id":"https:\/\/casarural-lliber.com\/es\/condiciones-generales\/#breadcrumb","itemListElement":[{"@type":"ListItem","position":1,"name":"Home","item":"https:\/\/casarural-lliber.com\/es\/"},{"@type":"ListItem","position":2,"name":"Condiciones generales"}]},{"@type":"WebSite","@id":"https:\/\/casarural-lliber.com\/es\/#website","url":"https:\/\/casarural-lliber.com\/es\/","name":"Casa Rural Lliber","description":"Relax, you&#039;ve found us","publisher":{"@id":"https:\/\/casarural-lliber.com\/es\/#organization"},"potentialAction":[{"@type":"SearchAction","target":{"@type":"EntryPoint","urlTemplate":"https:\/\/casarural-lliber.com\/es\/?s={search_term_string}"},"query-input":{"@type":"PropertyValueSpecification","valueRequired":true,"valueName":"search_term_string"}}],"inLanguage":"es"},{"@type":"Organization","@id":"https:\/\/casarural-lliber.com\/es\/#organization","name":"Casa Rural Lliber","url":"https:\/\/casarural-lliber.com\/es\/","logo":{"@type":"ImageObject","inLanguage":"es","@id":"https:\/\/casarural-lliber.com\/es\/#\/schema\/logo\/image\/","url":"https:\/\/casarural-lliber.com\/wp-content\/uploads\/2022\/05\/casa-rural-lliber-logo-white.png","contentUrl":"https:\/\/casarural-lliber.com\/wp-content\/uploads\/2022\/05\/casa-rural-lliber-logo-white.png","width":1920,"height":963,"caption":"Casa Rural Lliber"},"image":{"@id":"https:\/\/casarural-lliber.com\/es\/#\/schema\/logo\/image\/"},"sameAs":["https:\/\/www.facebook.com\/casarurallliber"]}]}},"_links":{"self":[{"href":"https:\/\/casarural-lliber.com\/es\/wp-json\/wp\/v2\/pages\/2589","targetHints":{"allow":["GET"]}}],"collection":[{"href":"https:\/\/casarural-lliber.com\/es\/wp-json\/wp\/v2\/pages"}],"about":[{"href":"https:\/\/casarural-lliber.com\/es\/wp-json\/wp\/v2\/types\/page"}],"author":[{"embeddable":true,"href":"https:\/\/casarural-lliber.com\/es\/wp-json\/wp\/v2\/users\/1"}],"replies":[{"embeddable":true,"href":"https:\/\/casarural-lliber.com\/es\/wp-json\/wp\/v2\/comments?post=2589"}],"version-history":[{"count":6,"href":"https:\/\/casarural-lliber.com\/es\/wp-json\/wp\/v2\/pages\/2589\/revisions"}],"predecessor-version":[{"id":2600,"href":"https:\/\/casarural-lliber.com\/es\/wp-json\/wp\/v2\/pages\/2589\/revisions\/2600"}],"wp:attachment":[{"href":"https:\/\/casarural-lliber.com\/es\/wp-json\/wp\/v2\/media?parent=2589"}],"curies":[{"name":"wp","href":"https:\/\/api.w.org\/{rel}","templated":true}]}}