{"id":3,"date":"2022-05-04T10:03:43","date_gmt":"2022-05-04T10:03:43","guid":{"rendered":"https:\/\/staging.casarural-lliber.com\/?page_id=3"},"modified":"2022-07-26T14:07:01","modified_gmt":"2022-07-26T12:07:01","slug":"declaracion-de-privacidad","status":"publish","type":"page","link":"https:\/\/casarural-lliber.com\/es\/declaracion-de-privacidad\/","title":{"rendered":"Declaraci\u00f3n de privacidad"},"content":{"rendered":"<p>[et_pb_section fb_built=\u00bb1&#8243; _builder_version=\u00bb4.17.4&#8243; _module_preset=\u00bbdefault\u00bb use_background_color_gradient=\u00bbon\u00bb background_color_gradient_type=\u00bbelliptical\u00bb background_color_gradient_stops=\u00bbrgba(10,0,0,0.36) 43%|#000000 100%\u00bb background_color_gradient_overlays_image=\u00bbon\u00bb background_image=\u00bbhttps:\/\/casarural-lliber.com\/wp-content\/uploads\/2022\/06\/casa-rural-lliber-hotel-2-scaled.jpg\u00bb min_height=\u00bb350px\u00bb height=\u00bb40vh\u00bb max_height=\u00bb40vh\u00bb custom_margin=\u00bb-180px||||false|false\u00bb global_colors_info=\u00bb{}\u00bb][et_pb_row _builder_version=\u00bb4.17.4&#8243; _module_preset=\u00bbdefault\u00bb custom_margin=\u00bb20vh|auto||auto|false|false\u00bb global_colors_info=\u00bb{}\u00bb][et_pb_column type=\u00bb4_4&#8243; _builder_version=\u00bb4.17.4&#8243; _module_preset=\u00bbdefault\u00bb global_colors_info=\u00bb{}\u00bb][et_pb_text _builder_version=\u00bb4.17.4&#8243; _dynamic_attributes=\u00bbcontent\u00bb _module_preset=\u00bbdefault\u00bb header_2_font=\u00bbLibre Baskerville||||||||\u00bb header_2_text_align=\u00bbright\u00bb header_2_text_color=\u00bb#FFFFFF\u00bb header_2_font_size=\u00bb3em\u00bb header_2_text_align_tablet=\u00bbright\u00bb header_2_text_align_phone=\u00bbcenter\u00bb header_2_text_align_last_edited=\u00bbon|phone\u00bb header_2_font_size_tablet=\u00bb3em\u00bb header_2_font_size_phone=\u00bb2.5em\u00bb header_2_font_size_last_edited=\u00bbon|desktop\u00bb header_2_text_shadow_style=\u00bbpreset1&#8243; global_colors_info=\u00bb{}\u00bb]@ET-DC@eyJkeW5hbWljIjp0cnVlLCJjb250ZW50IjoicG9zdF90aXRsZSIsInNldHRpbmdzIjp7ImJlZm9yZSI6IjxoMj4iLCJhZnRlciI6IjwvaDI+In19@[\/et_pb_text][\/et_pb_column][\/et_pb_row][\/et_pb_section][et_pb_section fb_built=\u00bb1&#8243; _builder_version=\u00bb4.17.4&#8243; _module_preset=\u00bbdefault\u00bb global_colors_info=\u00bb{}\u00bb][et_pb_row _builder_version=\u00bb4.17.4&#8243; _module_preset=\u00bbdefault\u00bb global_colors_info=\u00bb{}\u00bb][et_pb_column type=\u00bb4_4&#8243; _builder_version=\u00bb4.17.4&#8243; _module_preset=\u00bbdefault\u00bb global_colors_info=\u00bb{}\u00bb][et_pb_text _builder_version=\u00bb4.17.4&#8243; _module_preset=\u00bbdefault\u00bb hover_enabled=\u00bb0&#8243; global_colors_info=\u00bb{}\u00bb sticky_enabled=\u00bb0&#8243;]<\/p>\n<h2>Declaraci\u00f3n de privacidad de Casa Rural-Lliber<\/h2>\n<p>Casa Rural-Lliber respeta la privacidad de los visitantes de su sitio web, especialmente los derechos de los visitantes en relaci\u00f3n con el tratamiento automatizado de los datos personales. Por lo tanto, en aras de una total transparencia con nuestros clientes, hemos formulado y aplicado una pol\u00edtica relativa a estas operaciones de tratamiento en s\u00ed mismas, a su finalidad y a las posibilidades que tienen los afectados de ejercer sus derechos de la mejor manera posible.<\/p>\n<p>Para toda la informaci\u00f3n adicional sobre la protecci\u00f3n de datos personales, visite el sitio web de la Autoridad de Protecci\u00f3n de Datos Personales: <a href=\"https:\/\/autoriteitpersoonsgegevens.nl\/en\">https:\/\/autoriteitpersoonsgegevens.nl\/en<\/a>.<\/p>\n<p>Hasta que no acepte el uso de cookies y otros sistemas de seguimiento en el sitio web, no colocamos cookies anal\u00edticas no an\u00f3nimas y\/o cookies de seguimiento en su ordenador, tel\u00e9fono m\u00f3vil o tableta.<\/p>\n<p>Al continuar visitando este sitio web, usted acepta las siguientes condiciones de uso.<\/p>\n<p>La versi\u00f3n actual de la pol\u00edtica de privacidad disponible en el sitio web es la \u00fanica aplicable mientras usted visite el sitio web, hasta que una nueva versi\u00f3n sustituya a la actual.<\/p>\n<h2>Art\u00edculo 1 &#8211; Disposiciones legales<\/h2>\n<p>1. Sitio web (en lo sucesivo tambi\u00e9n denominado \u00abel sitio web\u00bb): <a href=\"https:\/\/www.casarural-lliber.com\">https:\/\/www.casarural-lliber.com<\/a><\/p>\n<p>2. Responsable del tratamiento de datos personales (en lo sucesivo tambi\u00e9n denominado \u00abEl Responsable\u00bb): Casa Rural-Lliber, establecida en Carrer Sant Josep 8, 03729 Lliber, n\u00famero de la C\u00e1mara de Comercio: B10542025.<\/p>\n<h2>Art\u00edculo 2 &#8211; Acceso al sitio web<\/h2>\n<p>El acceso al sitio web y el uso es estrictamente personal. El usuario no utilizar\u00e1 este sitio web ni los datos e informaci\u00f3n que en \u00e9l se facilitan con fines comerciales, pol\u00edticos o publicitarios ni para realizar ofertas comerciales y, en particular, no los utilizar\u00e1 para realizar ofertas electr\u00f3nicas no solicitadas.<\/p>\n<h3>Art\u00edculo 3 &#8211; El contenido del sitio web<\/h3>\n<p>Todas las marcas, im\u00e1genes, textos, comentarios, ilustraciones, fotograf\u00edas (animadas), im\u00e1genes de v\u00eddeo, sonidos, as\u00ed como todas las aplicaciones t\u00e9cnicas que pueden utilizarse para hacer funcionar el sitio web y, de forma m\u00e1s general, todos los componentes utilizados en este sitio, est\u00e1n protegidos por derechos de propiedad intelectual. Queda estrictamente prohibida la reproducci\u00f3n, repetici\u00f3n, utilizaci\u00f3n o adaptaci\u00f3n, en cualquier forma, de la totalidad o parte del sitio, incluidas las aplicaciones t\u00e9cnicas, sin el consentimiento previo por escrito del gestor. El hecho de que el gestor no tome medidas inmediatas contra cualquier infracci\u00f3n no se interpretar\u00e1 como un consentimiento t\u00e1cito ni como una renuncia al proceso legal.<\/p>\n<h2>Art\u00edculo 4 &#8211; La gesti\u00f3n del sitio web<\/h2>\n<p>Para la correcta gesti\u00f3n del sitio web, el administrador puede en cualquier momento:<\/p>\n<ul>\n<li>suspender, interrumpir o restringir el acceso a todo o parte del sitio web a una categor\u00eda concreta de visitantes<\/li>\n<li>eliminar toda la informaci\u00f3n que pueda perturbar el funcionamiento del sitio web o que infrinja la legislaci\u00f3n nacional o internacional o la etiqueta de Internet<\/li>\n<li>hacer que el sitio web no est\u00e9 disponible temporalmente para realizar actualizaciones<\/li>\n<\/ul>\n<h2>Art\u00edculo 5 &#8211; Responsabilidades<\/h2>\n<p>El administrador no es en absoluto responsable por fallos La forma de conectarse al sitio web es su propia responsabilidad. Usted es responsable de tomar todas las medidas adecuadas para proteger su equipo y sus datos contra, entre otras cosas, los ataques de virus en Internet. Usted tambi\u00e9n es responsable de los sitios web y los datos que consulta en Internet.<\/p>\n<p>El administrador no se responsabiliza de los procedimientos judiciales que puedan iniciarse contra usted:<\/p>\n<ul>\n<li>por el uso del sitio web o de los servicios accesibles a trav\u00e9s de Internet<\/li>\n<li>por la violaci\u00f3n de las condiciones de esta pol\u00edtica de privacidad<\/li>\n<\/ul>\n<p>El administrador no se hace responsable de los da\u00f1os que usted mismo sufra, o que sufran terceros o su equipo, como consecuencia de su conexi\u00f3n o uso del sitio web. Se abstendr\u00e1 de realizar cualquier acci\u00f3n contra el administrador como consecuencia de ello.<\/p>\n<p>Si el administrador se ve involucrado en un litigio como resultado de su uso de este sitio web, tiene derecho a recuperar de usted todos los da\u00f1os que ha sufrido y sufrir\u00e1 como consecuencia de ello.<\/p>\n<h2>Art\u00edculo 6 &#8211; Recogida de datos<\/h2>\n<p>Sus datos son recogidos por Casa Rural-Lliber y (un) procesador(es) externo(s). Se entiende por datos personales: cualquier informaci\u00f3n sobre una persona f\u00edsica identificada o identificable; una persona f\u00edsica identificable es aquella que puede ser identificada, directa o indirectamente, en particular mediante un identificador como un nombre, un n\u00famero de identificaci\u00f3n, datos de localizaci\u00f3n, un identificador en l\u00ednea o uno o varios elementos que caracterizan la identidad f\u00edsica, fisiol\u00f3gica, gen\u00e9tica, psicol\u00f3gica, econ\u00f3mica, cultural o social.<\/p>\n<p>Los datos personales recogidos en el sitio web son utilizados principalmente por el administrador para mantener la relaci\u00f3n con usted y, en su caso, para procesar sus pedidos.<\/p>\n<h2>Art\u00edculo 7 &#8211; Sus derechos sobre sus datos<\/h2>\n<p>De acuerdo con el art\u00edculo 13.2.b de la AVG, toda persona tiene derecho a acceder, rectificar o suprimir los datos personales que le conciernen o a restringir el tratamiento en cuesti\u00f3n, as\u00ed como el derecho a oponerse al tratamiento y el derecho a la portabilidad de los datos. Puede ejercer estos derechos poni\u00e9ndose en contacto con nosotros en <a href=\"https:\/\/www.casarural-lliber.com\">https:\/\/www.casarural-lliber.com<\/a>.<\/p>\n<p>Cualquier solicitud de este tipo debe ir acompa\u00f1ada de una copia de un documento de identidad v\u00e1lido, en el que haya estampado su firma, y de la direcci\u00f3n en la que se le puede contactar. Recibir\u00e1 una respuesta a su solicitud en el plazo de un mes desde su presentaci\u00f3n. En funci\u00f3n de la complejidad y el n\u00famero de solicitudes, este plazo puede ampliarse en 2 meses si es necesario.<\/p>\n<h2>Art\u00edculo 8 &#8211; Tratamiento de datos personales<\/h2>\n<p>En el caso de violaci\u00f3n de alguna ley o reglamento, de la que se sospeche que el visitante es sospechoso y para la que las autoridades necesiten los datos personales recogidos por el gestor, \u00e9stos les ser\u00e1n facilitados tras una petici\u00f3n expl\u00edcita y fundamentada de dichas autoridades, tras lo cual estos datos personales dejar\u00e1n de estar bajo la protecci\u00f3n de las disposiciones de esta declaraci\u00f3n de privacidad.<\/p>\n<p>En el caso de que cierta informaci\u00f3n sea necesaria para acceder a determinadas funcionalidades del sitio web, el gestor indicar\u00e1 el car\u00e1cter obligatorio de esta informaci\u00f3n en el momento de solicitar los datos.<\/p>\n<h2>Art\u00edculo 9 &#8211; Ofertas comerciales<\/h2>\n<p>Puede recibir ofertas comerciales del gestor. Si no desea recibirlos (m\u00e1s), env\u00ede un correo electr\u00f3nico a la siguiente direcci\u00f3n: <a href=\"mailto:info@casarural-lliber.com\">info@casarural-lliber.com<\/a>.<\/p>\n<p>Si durante su visita al sitio web encuentra datos personales, debe abstenerse de recogerlos o de cualquier otro uso no autorizado, as\u00ed como de cualquier acto que atente contra la intimidad personal de la persona o personas afectadas. El administrador no es en absoluto responsable en las situaciones mencionadas.<\/p>\n<h2>Art\u00edculo 10 &#8211; Plazo de conservaci\u00f3n de los datos<\/h2>\n<p>Los datos recogidos por el administrador del sitio web ser\u00e1n utilizados y conservados durante el tiempo estipulado por la ley.<\/p>\n<h2>Art\u00edculo 11 &#8211; Cookies<\/h2>\n<p><a href=\"https:\/\/www.casarural-lliber.com\">https:\/\/www.casarural-lliber.com<\/a> hace uso de cookies. Una cookie es un simple y peque\u00f1o archivo que con las p\u00e1ginas de este sitio web y\/o aplicaciones Flash es enviado y almacenado por su navegador en el disco duro de su ordenador, tel\u00e9fono m\u00f3vil, smartwatch o tableta. La informaci\u00f3n almacenada en ella puede ser enviada a nuestros servidores en su pr\u00f3xima visita.<\/p>\n<p>El uso de cookies es muy importante para el buen funcionamiento de nuestro sitio web, pero tambi\u00e9n son muy importantes las cookies cuyo efecto no se ve inmediatamente. Gracias a las aportaciones (an\u00f3nimas) de los visitantes, podemos mejorar el uso del sitio web y hacerlo m\u00e1s f\u00e1cil de usar.<\/p>\n<p>La declaraci\u00f3n de cookies se puede encontrar en el sitio web de Casa Rural-Lliber.<\/p>\n<h2>Art\u00edculo 12 &#8211; Material de imagen y productos ofrecidos<\/h2>\n<p>No pueden derivarse derechos de las im\u00e1genes pertenecientes a los productos ofrecidos en el sitio web.<\/p>\n<h2>Art\u00edculo 13 &#8211; Derecho aplicable<\/h2>\n<p>El derecho holand\u00e9s es aplicable en estas condiciones. El tribunal del lugar de establecimiento del administrador es el \u00fanico competente para conocer los litigios relativos a estas condiciones, salvo excepci\u00f3n legal.<\/p>\n<h2>Art\u00edculo 14 &#8211; Contacto<\/h2>\n<p>Si tiene preguntas, informaci\u00f3n sobre el producto o sobre el propio sitio web, p\u00f3ngase en contacto con nosotros: Casa Rural-Lliber, <a href=\"mailto:info@casarural-lliber.com\">info@casarural-lliber.com<\/a>.<\/p>\n<p>[\/et_pb_text][\/et_pb_column][\/et_pb_row][\/et_pb_section]<\/p>\n","protected":false},"excerpt":{"rendered":"<p>Declaraci\u00f3n de privacidad de Casa Rural-Lliber Casa Rural-Lliber respeta la privacidad de los visitantes de su sitio web, especialmente los derechos de los visitantes en relaci\u00f3n con el tratamiento automatizado de los datos personales. Por lo tanto, en aras de una total transparencia con nuestros clientes, hemos formulado y aplicado una pol\u00edtica relativa a estas [&hellip;]<\/p>\n","protected":false},"author":1,"featured_media":0,"parent":0,"menu_order":0,"comment_status":"closed","ping_status":"open","template":"","meta":{"_et_pb_use_builder":"on","_et_pb_old_content":"","_et_gb_content_width":"","footnotes":""},"class_list":["post-3","page","type-page","status-publish","hentry"],"yoast_head":"<!-- This site is optimized with the Yoast SEO plugin v27.4 - https:\/\/yoast.com\/product\/yoast-seo-wordpress\/ -->\n<title>Hotel Casa Rural Lliber | 4 Estrellas Casa Rural | Privacidad<\/title>\n<meta name=\"description\" content=\"Casa Rural Lliber**** es un hotel de lujo con desayuno y bar de vinos en hist\u00f3rico Lliber. En el coraz\u00f3n de la Vall de Pop se encuentra la Casa Rural Lliber**** | Reserva segura.\" \/>\n<meta name=\"robots\" content=\"index, follow, max-snippet:-1, max-image-preview:large, max-video-preview:-1\" \/>\n<link rel=\"canonical\" href=\"https:\/\/casarural-lliber.com\/es\/declaracion-de-privacidad\/\" \/>\n<meta property=\"og:locale\" content=\"es_ES\" \/>\n<meta property=\"og:type\" content=\"article\" \/>\n<meta property=\"og:title\" content=\"Hotel Casa Rural Lliber | 4 Estrellas Casa Rural | Privacidad\" \/>\n<meta property=\"og:description\" content=\"Casa Rural Lliber**** es un hotel de lujo con desayuno y bar de vinos en hist\u00f3rico Lliber. En el coraz\u00f3n de la Vall de Pop se encuentra la Casa Rural Lliber**** | Reserva segura.\" \/>\n<meta property=\"og:url\" content=\"https:\/\/casarural-lliber.com\/es\/declaracion-de-privacidad\/\" \/>\n<meta property=\"og:site_name\" content=\"Casa Rural Lliber\" \/>\n<meta property=\"article:publisher\" content=\"https:\/\/www.facebook.com\/casarurallliber\" \/>\n<meta property=\"article:modified_time\" content=\"2022-07-26T12:07:01+00:00\" \/>\n<meta property=\"og:image\" content=\"https:\/\/casarural-lliber.com\/wp-content\/uploads\/2022\/06\/casa-rural-lliber-hotel-25.jpeg\" \/>\n\t<meta property=\"og:image:width\" content=\"2560\" \/>\n\t<meta property=\"og:image:height\" content=\"1707\" \/>\n\t<meta property=\"og:image:type\" content=\"image\/jpeg\" \/>\n<meta name=\"twitter:card\" content=\"summary_large_image\" \/>\n<meta name=\"twitter:label1\" content=\"Tiempo de lectura\" \/>\n\t<meta name=\"twitter:data1\" content=\"8 minutos\" \/>\n<script type=\"application\/ld+json\" class=\"yoast-schema-graph\">{\"@context\":\"https:\\\/\\\/schema.org\",\"@graph\":[{\"@type\":\"WebPage\",\"@id\":\"https:\\\/\\\/casarural-lliber.com\\\/es\\\/declaracion-de-privacidad\\\/\",\"url\":\"https:\\\/\\\/casarural-lliber.com\\\/es\\\/declaracion-de-privacidad\\\/\",\"name\":\"Hotel Casa Rural Lliber | 4 Estrellas Casa Rural | Privacidad\",\"isPartOf\":{\"@id\":\"https:\\\/\\\/casarural-lliber.com\\\/es\\\/#website\"},\"datePublished\":\"2022-05-04T10:03:43+00:00\",\"dateModified\":\"2022-07-26T12:07:01+00:00\",\"description\":\"Casa Rural Lliber**** es un hotel de lujo con desayuno y bar de vinos en hist\u00f3rico Lliber. En el coraz\u00f3n de la Vall de Pop se encuentra la Casa Rural Lliber**** | Reserva segura.\",\"breadcrumb\":{\"@id\":\"https:\\\/\\\/casarural-lliber.com\\\/es\\\/declaracion-de-privacidad\\\/#breadcrumb\"},\"inLanguage\":\"es\",\"potentialAction\":[{\"@type\":\"ReadAction\",\"target\":[\"https:\\\/\\\/casarural-lliber.com\\\/es\\\/declaracion-de-privacidad\\\/\"]}]},{\"@type\":\"BreadcrumbList\",\"@id\":\"https:\\\/\\\/casarural-lliber.com\\\/es\\\/declaracion-de-privacidad\\\/#breadcrumb\",\"itemListElement\":[{\"@type\":\"ListItem\",\"position\":1,\"name\":\"Home\",\"item\":\"https:\\\/\\\/casarural-lliber.com\\\/es\\\/\"},{\"@type\":\"ListItem\",\"position\":2,\"name\":\"Declaraci\u00f3n de privacidad\"}]},{\"@type\":\"WebSite\",\"@id\":\"https:\\\/\\\/casarural-lliber.com\\\/es\\\/#website\",\"url\":\"https:\\\/\\\/casarural-lliber.com\\\/es\\\/\",\"name\":\"Casa Rural Lliber\",\"description\":\"Relax, you&#039;ve found us\",\"publisher\":{\"@id\":\"https:\\\/\\\/casarural-lliber.com\\\/es\\\/#organization\"},\"potentialAction\":[{\"@type\":\"SearchAction\",\"target\":{\"@type\":\"EntryPoint\",\"urlTemplate\":\"https:\\\/\\\/casarural-lliber.com\\\/es\\\/?s={search_term_string}\"},\"query-input\":{\"@type\":\"PropertyValueSpecification\",\"valueRequired\":true,\"valueName\":\"search_term_string\"}}],\"inLanguage\":\"es\"},{\"@type\":\"Organization\",\"@id\":\"https:\\\/\\\/casarural-lliber.com\\\/es\\\/#organization\",\"name\":\"Casa Rural Lliber\",\"url\":\"https:\\\/\\\/casarural-lliber.com\\\/es\\\/\",\"logo\":{\"@type\":\"ImageObject\",\"inLanguage\":\"es\",\"@id\":\"https:\\\/\\\/casarural-lliber.com\\\/es\\\/#\\\/schema\\\/logo\\\/image\\\/\",\"url\":\"https:\\\/\\\/casarural-lliber.com\\\/wp-content\\\/uploads\\\/2022\\\/05\\\/casa-rural-lliber-logo-white.png\",\"contentUrl\":\"https:\\\/\\\/casarural-lliber.com\\\/wp-content\\\/uploads\\\/2022\\\/05\\\/casa-rural-lliber-logo-white.png\",\"width\":1920,\"height\":963,\"caption\":\"Casa Rural Lliber\"},\"image\":{\"@id\":\"https:\\\/\\\/casarural-lliber.com\\\/es\\\/#\\\/schema\\\/logo\\\/image\\\/\"},\"sameAs\":[\"https:\\\/\\\/www.facebook.com\\\/casarurallliber\"]}]}<\/script>\n<!-- \/ Yoast SEO plugin. -->","yoast_head_json":{"title":"Hotel Casa Rural Lliber | 4 Estrellas Casa Rural | Privacidad","description":"Casa Rural Lliber**** es un hotel de lujo con desayuno y bar de vinos en hist\u00f3rico Lliber. En el coraz\u00f3n de la Vall de Pop se encuentra la Casa Rural Lliber**** | Reserva segura.","robots":{"index":"index","follow":"follow","max-snippet":"max-snippet:-1","max-image-preview":"max-image-preview:large","max-video-preview":"max-video-preview:-1"},"canonical":"https:\/\/casarural-lliber.com\/es\/declaracion-de-privacidad\/","og_locale":"es_ES","og_type":"article","og_title":"Hotel Casa Rural Lliber | 4 Estrellas Casa Rural | Privacidad","og_description":"Casa Rural Lliber**** es un hotel de lujo con desayuno y bar de vinos en hist\u00f3rico Lliber. En el coraz\u00f3n de la Vall de Pop se encuentra la Casa Rural Lliber**** | Reserva segura.","og_url":"https:\/\/casarural-lliber.com\/es\/declaracion-de-privacidad\/","og_site_name":"Casa Rural Lliber","article_publisher":"https:\/\/www.facebook.com\/casarurallliber","article_modified_time":"2022-07-26T12:07:01+00:00","og_image":[{"width":2560,"height":1707,"url":"https:\/\/casarural-lliber.com\/wp-content\/uploads\/2022\/06\/casa-rural-lliber-hotel-25.jpeg","type":"image\/jpeg"}],"twitter_card":"summary_large_image","twitter_misc":{"Tiempo de lectura":"8 minutos"},"schema":{"@context":"https:\/\/schema.org","@graph":[{"@type":"WebPage","@id":"https:\/\/casarural-lliber.com\/es\/declaracion-de-privacidad\/","url":"https:\/\/casarural-lliber.com\/es\/declaracion-de-privacidad\/","name":"Hotel Casa Rural Lliber | 4 Estrellas Casa Rural | Privacidad","isPartOf":{"@id":"https:\/\/casarural-lliber.com\/es\/#website"},"datePublished":"2022-05-04T10:03:43+00:00","dateModified":"2022-07-26T12:07:01+00:00","description":"Casa Rural Lliber**** es un hotel de lujo con desayuno y bar de vinos en hist\u00f3rico Lliber. En el coraz\u00f3n de la Vall de Pop se encuentra la Casa Rural Lliber**** | Reserva segura.","breadcrumb":{"@id":"https:\/\/casarural-lliber.com\/es\/declaracion-de-privacidad\/#breadcrumb"},"inLanguage":"es","potentialAction":[{"@type":"ReadAction","target":["https:\/\/casarural-lliber.com\/es\/declaracion-de-privacidad\/"]}]},{"@type":"BreadcrumbList","@id":"https:\/\/casarural-lliber.com\/es\/declaracion-de-privacidad\/#breadcrumb","itemListElement":[{"@type":"ListItem","position":1,"name":"Home","item":"https:\/\/casarural-lliber.com\/es\/"},{"@type":"ListItem","position":2,"name":"Declaraci\u00f3n de privacidad"}]},{"@type":"WebSite","@id":"https:\/\/casarural-lliber.com\/es\/#website","url":"https:\/\/casarural-lliber.com\/es\/","name":"Casa Rural Lliber","description":"Relax, you&#039;ve found us","publisher":{"@id":"https:\/\/casarural-lliber.com\/es\/#organization"},"potentialAction":[{"@type":"SearchAction","target":{"@type":"EntryPoint","urlTemplate":"https:\/\/casarural-lliber.com\/es\/?s={search_term_string}"},"query-input":{"@type":"PropertyValueSpecification","valueRequired":true,"valueName":"search_term_string"}}],"inLanguage":"es"},{"@type":"Organization","@id":"https:\/\/casarural-lliber.com\/es\/#organization","name":"Casa Rural Lliber","url":"https:\/\/casarural-lliber.com\/es\/","logo":{"@type":"ImageObject","inLanguage":"es","@id":"https:\/\/casarural-lliber.com\/es\/#\/schema\/logo\/image\/","url":"https:\/\/casarural-lliber.com\/wp-content\/uploads\/2022\/05\/casa-rural-lliber-logo-white.png","contentUrl":"https:\/\/casarural-lliber.com\/wp-content\/uploads\/2022\/05\/casa-rural-lliber-logo-white.png","width":1920,"height":963,"caption":"Casa Rural Lliber"},"image":{"@id":"https:\/\/casarural-lliber.com\/es\/#\/schema\/logo\/image\/"},"sameAs":["https:\/\/www.facebook.com\/casarurallliber"]}]}},"_links":{"self":[{"href":"https:\/\/casarural-lliber.com\/es\/wp-json\/wp\/v2\/pages\/3","targetHints":{"allow":["GET"]}}],"collection":[{"href":"https:\/\/casarural-lliber.com\/es\/wp-json\/wp\/v2\/pages"}],"about":[{"href":"https:\/\/casarural-lliber.com\/es\/wp-json\/wp\/v2\/types\/page"}],"author":[{"embeddable":true,"href":"https:\/\/casarural-lliber.com\/es\/wp-json\/wp\/v2\/users\/1"}],"replies":[{"embeddable":true,"href":"https:\/\/casarural-lliber.com\/es\/wp-json\/wp\/v2\/comments?post=3"}],"version-history":[{"count":10,"href":"https:\/\/casarural-lliber.com\/es\/wp-json\/wp\/v2\/pages\/3\/revisions"}],"predecessor-version":[{"id":1930,"href":"https:\/\/casarural-lliber.com\/es\/wp-json\/wp\/v2\/pages\/3\/revisions\/1930"}],"wp:attachment":[{"href":"https:\/\/casarural-lliber.com\/es\/wp-json\/wp\/v2\/media?parent=3"}],"curies":[{"name":"wp","href":"https:\/\/api.w.org\/{rel}","templated":true}]}}