{"id":5,"date":"2022-05-04T13:36:23","date_gmt":"2022-05-04T11:36:23","guid":{"rendered":"https:\/\/staging.casarural-lliber.com\/?page_id=5"},"modified":"2026-03-09T13:11:29","modified_gmt":"2026-03-09T12:11:29","slug":"casa-rural","status":"publish","type":"page","link":"https:\/\/casarural-lliber.com\/es\/","title":{"rendered":"Casa Rural"},"content":{"rendered":"<p>[et_pb_section fb_built=\u00bb1&#8243; _builder_version=\u00bb4.27.0&#8243; _module_preset=\u00bbdefault\u00bb use_background_color_gradient=\u00bbon\u00bb background_color_gradient_type=\u00bbelliptical\u00bb background_color_gradient_stops=\u00bbrgba(0,0,0,0.32) 43%|#000000 100%\u00bb background_color_gradient_overlays_image=\u00bbon\u00bb background_image=\u00bbhttps:\/\/casarural-lliber.com\/wp-content\/uploads\/2022\/09\/Patio-1.jpg\u00bb height=\u00bb80vh\u00bb max_height=\u00bb80vh\u00bb custom_margin=\u00bb-180px||||false|false\u00bb global_colors_info=\u00bb{}\u00bb][et_pb_row _builder_version=\u00bb4.17.4&#8243; _module_preset=\u00bbdefault\u00bb min_height=\u00bb142px\u00bb custom_margin=\u00bb50vh|auto|50vh|auto|false|false\u00bb global_colors_info=\u00bb{}\u00bb][et_pb_column type=\u00bb4_4&#8243; _builder_version=\u00bb4.17.3&#8243; _module_preset=\u00bbdefault\u00bb global_colors_info=\u00bb{}\u00bb][dipl_text_animator prefix_text=\u00bbEn el coraz\u00f3n de la naturaleza,\u00bb animated_text=\u00bbHabitaciones con estilo | Felicidad infinita\u00bb animation_layout=\u00bbtyping\u00bb in_stack=\u00bbon\u00bb _builder_version=\u00bb4.17.4&#8243; _module_preset=\u00bbdefault\u00bb global_text_settings_text_align=\u00bbright\u00bb global_text_settings_text_color=\u00bb#FFFFFF\u00bb global_text_settings_font_size=\u00bb2em\u00bb pre_and_post_text_font_size=\u00bb3rem\u00bb main_text_text_color=\u00bb#a78730&#8243; main_text_font_size=\u00bb3rem\u00bb width=\u00bb87.9%\u00bb min_height=\u00bb48px\u00bb custom_padding=\u00bb|||87px||\u00bb pre_and_post_text_font_size_tablet=\u00bb2rem\u00bb pre_and_post_text_font_size_phone=\u00bb2rem\u00bb pre_and_post_text_font_size_last_edited=\u00bbon|phone\u00bb main_text_font_size_tablet=\u00bb2rem\u00bb main_text_font_size_phone=\u00bb2rem\u00bb main_text_font_size_last_edited=\u00bbon|phone\u00bb pre_and_post_text_text_shadow_style=\u00bbpreset1&#8243; main_text_text_shadow_style=\u00bbpreset1&#8243; global_colors_info=\u00bb{}\u00bb][\/dipl_text_animator][\/et_pb_column][\/et_pb_row][\/et_pb_section][et_pb_section fb_built=\u00bb1&#8243; _builder_version=\u00bb4.17.4&#8243; _module_preset=\u00bbdefault\u00bb background_enable_image=\u00bboff\u00bb global_colors_info=\u00bb{}\u00bb][et_pb_row column_structure=\u00bb2_3,1_3&#8243; _builder_version=\u00bb4.17.4&#8243; _module_preset=\u00bbdefault\u00bb global_colors_info=\u00bb{}\u00bb][et_pb_column type=\u00bb2_3&#8243; _builder_version=\u00bb4.17.4&#8243; _module_preset=\u00bbdefault\u00bb global_colors_info=\u00bb{}\u00bb][et_pb_text module_class=\u00bbtitle\u00bb _builder_version=\u00bb4.17.6&#8243; _module_preset=\u00bbdefault\u00bb global_colors_info=\u00bb{}\u00bb]<\/p>\n<h2>Hotel Casa Rural Lliber<\/h2>\n<p>[\/et_pb_text][\/et_pb_column][et_pb_column type=\u00bb1_3&#8243; _builder_version=\u00bb4.17.4&#8243; _module_preset=\u00bbdefault\u00bb global_colors_info=\u00bb{}\u00bb][\/et_pb_column][\/et_pb_row][et_pb_row column_structure=\u00bb3_5,2_5&#8243; _builder_version=\u00bb4.17.6&#8243; _module_preset=\u00bbdefault\u00bb global_colors_info=\u00bb{}\u00bb][et_pb_column type=\u00bb3_5&#8243; _builder_version=\u00bb4.17.6&#8243; _module_preset=\u00bbdefault\u00bb global_colors_info=\u00bb{}\u00bb][et_pb_text module_class=\u00bbtitle\u00bb _builder_version=\u00bb4.27.6&#8243; _module_preset=\u00bbdefault\u00bb global_colors_info=\u00bb{}\u00bb]<\/p>\n<div>\n<p>Bienvenido a mi encantador boutique hotel, ubicado en una casa de pueblo de m\u00e1s de 200 a\u00f1os donde historia y refinamiento se encuentran.<\/p>\n<p>Despierte en un entorno de tranquilidad, confort y calidez. Comience el d\u00eda con caf\u00e9 o t\u00e9 reci\u00e9n preparado de la Nespresso y disfrute de un desayuno cuidadosamente elaborado en el patio entre las 09:00 y las 10:30 \u2014 con productos caseros, locales y zumos frescos.<\/p>\n<p>Hotel Casa Rural Ll\u00edber es el punto de partida ideal para descubrir la regi\u00f3n. En menos de media hora podr\u00e1 llegar a las hermosas playas de arena de la costa. Para quienes disfrutan de la actividad, los vi\u00f1edos, colinas y monta\u00f1as que rodean Ll\u00edber ofrecen magn\u00edficas rutas para caminar y hacer senderismo. En los alrededores tambi\u00e9n encontrar\u00e1 campos de golf, pistas de tenis y de p\u00e1del.<\/p>\n<p>Una visita a las bodegas locales es imprescindible. Estar\u00e9 encantada de ayudarle a organizar una cata o una experiencia especial en el valle.<\/p>\n<p>Despu\u00e9s de un d\u00eda lleno de experiencias, puede relajarse en el \u00edntimo patio con una copa de vino entre las 16:00 y las 19:00. O disfrutar de las vistas panor\u00e1micas desde la terraza antes de cenar en uno de los acogedores restaurantes cercanos. Con gusto le asesorar\u00e9 y realizar\u00e9 reservas si lo desea.<\/p>\n<p>Venga y desc\u00fabralo por s\u00ed mismo \u2014 un lugar donde tranquilidad, confort y atenci\u00f3n personal se unen.<\/p>\n<\/div>\n<p>[\/et_pb_text][\/et_pb_column][et_pb_column type=\u00bb2_5&#8243; _builder_version=\u00bb4.17.6&#8243; _module_preset=\u00bbdefault\u00bb global_colors_info=\u00bb{}\u00bb][et_pb_image src=\u00bbhttps:\/\/casarural-lliber.com\/wp-content\/uploads\/2025\/06\/85517243-646A-4A96-82B7-52197339B12A-scaled.jpeg\u00bb alt=\u00bbEntrance side street\u00bb title_text=\u00bb85517243-646A-4A96-82B7-52197339B12A\u00bb align=\u00bbcenter\u00bb _builder_version=\u00bb4.27.4&#8243; _module_preset=\u00bbdefault\u00bb border_radii=\u00bbon|5px|5px|5px|5px\u00bb box_shadow_style=\u00bbpreset3&#8243; box_shadow_blur=\u00bb5px\u00bb global_colors_info=\u00bb{}\u00bb][\/et_pb_image][\/et_pb_column][\/et_pb_row][\/et_pb_section][et_pb_section fb_built=\u00bb1&#8243; prev_background_color=\u00bb#ffffff\u00bb next_background_color=\u00bb#ffffff\u00bb _builder_version=\u00bb4.17.4&#8243; _module_preset=\u00bbdefault\u00bb background_color=\u00bbrgba(167,135,48,0.2)\u00bb background_enable_image=\u00bboff\u00bb top_divider_style=\u00bbmountains2&#8243; top_divider_height=\u00bb50px\u00bb bottom_divider_style=\u00bbmountains2&#8243; bottom_divider_height=\u00bb50px\u00bb bottom_divider_flip=\u00bbvertical|horizontal\u00bb global_colors_info=\u00bb{}\u00bb][et_pb_row _builder_version=\u00bb4.17.4&#8243; _module_preset=\u00bbdefault\u00bb global_colors_info=\u00bb{}\u00bb][et_pb_column type=\u00bb4_4&#8243; _builder_version=\u00bb4.17.4&#8243; _module_preset=\u00bbdefault\u00bb global_colors_info=\u00bb{}\u00bb][et_pb_text module_class=\u00bbtitle\u00bb _builder_version=\u00bb4.27.6&#8243; _module_preset=\u00bbdefault\u00bb global_colors_info=\u00bb{}\u00bb]<\/p>\n<h2 class=\"Bodytext20\"><span>Qui\u00e9n soy<\/span><\/h2>\n<p>[\/et_pb_text][\/et_pb_column][\/et_pb_row][et_pb_row column_structure=\u00bb3_5,2_5&#8243; _builder_version=\u00bb4.17.4&#8243; _module_preset=\u00bbdefault\u00bb global_colors_info=\u00bb{}\u00bb][et_pb_column type=\u00bb3_5&#8243; _builder_version=\u00bb4.17.4&#8243; _module_preset=\u00bbdefault\u00bb global_colors_info=\u00bb{}\u00bb][et_pb_text module_class=\u00bbtitle\u00bb _builder_version=\u00bb4.27.6&#8243; _module_preset=\u00bbdefault\u00bb hover_enabled=\u00bb0&#8243; global_colors_info=\u00bb{}\u00bb sticky_enabled=\u00bb0&#8243;]<\/p>\n<p>Mi nombre es Sabine.<\/p>\n<p>Despu\u00e9s de muchos a\u00f1os viviendo y trabajando en diferentes pa\u00edses, sent\u00ed que hab\u00eda llegado el momento de comenzar un nuevo cap\u00edtulo. No m\u00e1s grande. No m\u00e1s r\u00e1pido. Sino m\u00e1s consciente y con m\u00e1s significado. En el encantador pueblo de Ll\u00edber encontr\u00e9 exactamente eso.<\/p>\n<p>Hotel Casa Rural Ll\u00edber es para m\u00ed mucho m\u00e1s que un hotel. Es un lugar donde se unen mi amor por la belleza, la estructura, la hospitalidad y el esp\u00edritu emprendedor. Una propiedad hist\u00f3rica de m\u00e1s de 200 a\u00f1os que he transformado con cuidado en un refugio \u00edntimo, elegante y acogedor.<\/p>\n<p>Los muros de piedra natural guardan la historia. El interior transmite calma. Cada habitaci\u00f3n ha sido dise\u00f1ada con gran atenci\u00f3n al detalle, donde el confort y la armon\u00eda est\u00e1n en el centro de todo.<\/p>\n<p>Para m\u00ed, la hospitalidad no es una tarea, sino una forma de vida. Est\u00e1 presente en la bienvenida, en la atenci\u00f3n a los peque\u00f1os detalles, en compartir una buena copa de vino y en mostrar mis lugares favoritos del Valle de Jal\u00f3n.<\/p>\n<p>Hotel Casa Rural Ll\u00edber es un lugar para bajar el ritmo. Para disfrutar de los vi\u00f1edos, las monta\u00f1as y la luz mediterr\u00e1nea.<\/p>\n<p>[\/et_pb_text][\/et_pb_column][et_pb_column type=\u00bb2_5&#8243; _builder_version=\u00bb4.17.4&#8243; _module_preset=\u00bbdefault\u00bb global_colors_info=\u00bb{}\u00bb][et_pb_image src=\u00bbhttps:\/\/casarural-lliber.com\/wp-content\/uploads\/2026\/03\/49E3E3D7-FE0B-4DA7-8762-94953380E94B.png\u00bb title_text=\u00bb49E3E3D7-FE0B-4DA7-8762-94953380E94B\u00bb align=\u00bbcenter\u00bb _builder_version=\u00bb4.27.6&#8243; _module_preset=\u00bbdefault\u00bb border_radii=\u00bbon|5px|5px|5px|5px\u00bb box_shadow_style=\u00bbpreset3&#8243; box_shadow_blur=\u00bb5px\u00bb global_colors_info=\u00bb{}\u00bb][\/et_pb_image][\/et_pb_column][\/et_pb_row][\/et_pb_section][et_pb_section fb_built=\u00bb1&#8243; _builder_version=\u00bb4.17.4&#8243; _module_preset=\u00bbdefault\u00bb background_enable_color=\u00bboff\u00bb global_colors_info=\u00bb{}\u00bb][et_pb_row _builder_version=\u00bb4.17.4&#8243; _module_preset=\u00bbdefault\u00bb custom_padding=\u00bb||0px||false|false\u00bb global_colors_info=\u00bb{}\u00bb][et_pb_column type=\u00bb4_4&#8243; _builder_version=\u00bb4.17.3&#8243; _module_preset=\u00bbdefault\u00bb global_colors_info=\u00bb{}\u00bb][et_pb_text module_class=\u00bbtitle\u00bb _builder_version=\u00bb4.17.4&#8243; _module_preset=\u00bbdefault\u00bb global_colors_info=\u00bb{}\u00bb]<\/p>\n<h2>Descubra Casa Rural Lliber<\/h2>\n<p>[\/et_pb_text][et_pb_text module_class=\u00bbtitle\u00bb _builder_version=\u00bb4.27.6&#8243; _module_preset=\u00bbdefault\u00bb global_colors_info=\u00bb{}\u00bb]<\/p>\n<p>Entre en mi encantador boutique hotel, donde la calidez y la elegancia se unen en un ambiente refinado y relajado.<\/p>\n<p>Las dos habitaciones y las cuatro suites han sido cuidadosamente dise\u00f1adas como oasis de confort y tranquilidad. Cada espacio cuenta con un ba\u00f1o moderno y c\u00f3modo, aire acondicionado, minibar y caja fuerte \u2014 todo creado con atenci\u00f3n al detalle y armon\u00eda.<\/p>\n<p>Rel\u00e1jese en la terraza con vistas al valle o disfrute de la intimidad del sal\u00f3n junto a la chimenea. El patio es el coraz\u00f3n de la casa y el lugar perfecto para comenzar el d\u00eda con un desayuno tranquilo bajo el sol mediterr\u00e1neo.<\/p>\n<p>El hotel es <strong>solo para adultos (18+)<\/strong>, garantizando paz y serenidad durante su estancia.<\/p>\n<p>Debido al car\u00e1cter hist\u00f3rico del edificio, lamentablemente no es adecuado para hu\u00e9spedes con movilidad reducida. El aparcamiento es sencillo a poca distancia, en<strong> el parking p\u00fablico de Ll\u00edber<\/strong>, donde tambi\u00e9n hay dos puntos de carga para veh\u00edculos el\u00e9ctricos.<\/p>\n<p><strong>Espero darle la bienvenida a mi tranquilo hotel boutique en el hermoso Valle de Jal\u00f3n \u2014 donde la elegancia, el confort y el aut\u00e9ntico encanto espa\u00f1ol se unen.<\/strong><\/p>\n<p>[\/et_pb_text][\/et_pb_column][\/et_pb_row][\/et_pb_section][et_pb_section fb_built=\u00bb1&#8243; prev_background_color=\u00bb#ffffff\u00bb _builder_version=\u00bb4.17.4&#8243; _module_preset=\u00bbdefault\u00bb background_color=\u00bbrgba(167,135,48,0.2)\u00bb top_divider_style=\u00bbmountains2&#8243; top_divider_height=\u00bb50px\u00bb global_colors_info=\u00bb{}\u00bb][et_pb_row _builder_version=\u00bb4.17.4&#8243; _module_preset=\u00bbdefault\u00bb global_colors_info=\u00bb{}\u00bb][et_pb_column type=\u00bb4_4&#8243; _builder_version=\u00bb4.17.4&#8243; _module_preset=\u00bbdefault\u00bb global_colors_info=\u00bb{}\u00bb][et_pb_text module_class=\u00bbtitle\u00bb _builder_version=\u00bb4.17.4&#8243; _module_preset=\u00bbdefault\u00bb global_colors_info=\u00bb{}\u00bb]<\/p>\n<h2>Descubra Casa Rural Lliber<\/h2>\n<p>[\/et_pb_text][\/et_pb_column][\/et_pb_row][et_pb_row _builder_version=\u00bb4.17.4&#8243; _module_preset=\u00bbdefault\u00bb global_colors_info=\u00bb{}\u00bb][et_pb_column type=\u00bb4_4&#8243; _builder_version=\u00bb4.17.3&#8243; _module_preset=\u00bbdefault\u00bb global_colors_info=\u00bb{}\u00bb][dipl_masonry_gallery image_ids=\u00bb2764,2761&#8243; number_of_columns=\u00bb2&#8243; image_size=\u00bblarge\u00bb _builder_version=\u00bb4.27.4&#8243; _module_preset=\u00bbdefault\u00bb global_colors_info=\u00bb{}\u00bb][\/dipl_masonry_gallery][\/et_pb_column][\/et_pb_row][\/et_pb_section]<\/p>\n","protected":false},"excerpt":{"rendered":"<p><div class=\"et_pb_module dipl_text_animator dipl_text_animator_0\">\n\t\t\t\t\n\t\t\t\t\n\t\t\t\t\n\t\t\t\t\n\t\t\t\t\n\t\t\t\t\n\t\t\t\t<div class=\"et_pb_module_inner\">\n\t\t\t\t\t<div class=\"animated_text_wrapper dipl-typing\">\n\t\t\t\t<h2>\n\t\t\t\t<span class=\"pre_text_wrapper dipl_pre_post\">En el coraz\u00f3n de la naturaleza,<\/span>\n\t\t\t\t<span\n\t\t\t\t\tclass=\"animated_text dipl_main_part\" \n\t\t\t\t\tdata-wait-time=\"2000\"\n\t\t\t\t\tdata-typing-time=\"100\"\n\t\t\t\t\tdata-erasing-time=\"100\"\n\t\t\t\t\tdata-text=\"Habitaciones con estilo | Felicidad infinita\"\n\t\t\t\t\tdata-interval-id=\"0\"\n\t\t\t\t\tdata-stop-animation-on-hover=\"off\"\n\t\t\t\t\tdata-animate-only-once=\"off\"\n\t\t\t\t><\/span>\n\t\t\t\t\n\t\t\t\t<\/h2>\n\t\t\t<\/div>\n\t\t\t\t<\/div>\n\t\t\t<\/div>Hotel Casa Rural Lliber Bienvenido a mi encantador boutique hotel, ubicado en una casa de pueblo de m\u00e1s de 200 a\u00f1os [&hellip;]<\/p>\n","protected":false},"author":1,"featured_media":0,"parent":0,"menu_order":0,"comment_status":"closed","ping_status":"closed","template":"","meta":{"_et_pb_use_builder":"on","_et_pb_old_content":"","_et_gb_content_width":"","footnotes":""},"class_list":["post-5","page","type-page","status-publish","hentry"],"yoast_head":"<!-- This site is optimized with the Yoast SEO plugin v27.4 - https:\/\/yoast.com\/product\/yoast-seo-wordpress\/ -->\n<title>Hotel Casa Rural Lliber | 4 Estrellas Casa Rural | Habitaciones con estilo<\/title>\n<meta name=\"description\" content=\"Casa Rural Lliber**** es un hotel de lujo con desayuno y bar de vinos en hist\u00f3rico Lliber. En el coraz\u00f3n de la Vall de Pop se encuentra la Casa Rural Lliber**** | Reserva segura.\" \/>\n<meta name=\"robots\" content=\"index, follow, max-snippet:-1, max-image-preview:large, max-video-preview:-1\" \/>\n<link rel=\"canonical\" href=\"https:\/\/casarural-lliber.com\/es\/\" \/>\n<meta property=\"og:locale\" content=\"es_ES\" \/>\n<meta property=\"og:type\" content=\"article\" \/>\n<meta property=\"og:title\" content=\"Hotel Casa Rural Lliber | 4 Estrellas Casa Rural | Habitaciones con estilo\" \/>\n<meta property=\"og:description\" content=\"Casa Rural Lliber**** es un hotel de lujo con desayuno y bar de vinos en hist\u00f3rico Lliber. En el coraz\u00f3n de la Vall de Pop se encuentra la Casa Rural Lliber**** | Reserva segura.\" \/>\n<meta property=\"og:url\" content=\"https:\/\/casarural-lliber.com\/es\/\" \/>\n<meta property=\"og:site_name\" content=\"Casa Rural Lliber\" \/>\n<meta property=\"article:publisher\" content=\"https:\/\/www.facebook.com\/casarurallliber\" \/>\n<meta property=\"article:modified_time\" content=\"2026-03-09T12:11:29+00:00\" \/>\n<meta property=\"og:image\" content=\"https:\/\/casarural-lliber.com\/wp-content\/uploads\/2022\/06\/casa-rural-lliber-hotel-25.jpeg\" \/>\n\t<meta property=\"og:image:width\" content=\"2560\" \/>\n\t<meta property=\"og:image:height\" content=\"1707\" \/>\n\t<meta property=\"og:image:type\" content=\"image\/jpeg\" \/>\n<meta name=\"twitter:card\" content=\"summary_large_image\" \/>\n<meta name=\"twitter:label1\" content=\"Tiempo de lectura\" \/>\n\t<meta name=\"twitter:data1\" content=\"8 minutos\" \/>\n<script type=\"application\/ld+json\" class=\"yoast-schema-graph\">{\"@context\":\"https:\\\/\\\/schema.org\",\"@graph\":[{\"@type\":\"WebPage\",\"@id\":\"https:\\\/\\\/casarural-lliber.com\\\/es\\\/\",\"url\":\"https:\\\/\\\/casarural-lliber.com\\\/es\\\/\",\"name\":\"Hotel Casa Rural Lliber | 4 Estrellas Casa Rural | Habitaciones con estilo\",\"isPartOf\":{\"@id\":\"https:\\\/\\\/casarural-lliber.com\\\/es\\\/#website\"},\"datePublished\":\"2022-05-04T11:36:23+00:00\",\"dateModified\":\"2026-03-09T12:11:29+00:00\",\"description\":\"Casa Rural Lliber**** es un hotel de lujo con desayuno y bar de vinos en hist\u00f3rico Lliber. En el coraz\u00f3n de la Vall de Pop se encuentra la Casa Rural Lliber**** | Reserva segura.\",\"breadcrumb\":{\"@id\":\"https:\\\/\\\/casarural-lliber.com\\\/es\\\/#breadcrumb\"},\"inLanguage\":\"es\",\"potentialAction\":[{\"@type\":\"ReadAction\",\"target\":[\"https:\\\/\\\/casarural-lliber.com\\\/es\\\/\"]}]},{\"@type\":\"BreadcrumbList\",\"@id\":\"https:\\\/\\\/casarural-lliber.com\\\/es\\\/#breadcrumb\",\"itemListElement\":[{\"@type\":\"ListItem\",\"position\":1,\"name\":\"Home\",\"item\":\"https:\\\/\\\/casarural-lliber.com\\\/es\\\/\"},{\"@type\":\"ListItem\",\"position\":2,\"name\":\"Casa Rural\"}]},{\"@type\":\"WebSite\",\"@id\":\"https:\\\/\\\/casarural-lliber.com\\\/es\\\/#website\",\"url\":\"https:\\\/\\\/casarural-lliber.com\\\/es\\\/\",\"name\":\"Casa Rural Lliber\",\"description\":\"Relax, you&#039;ve found us\",\"publisher\":{\"@id\":\"https:\\\/\\\/casarural-lliber.com\\\/es\\\/#organization\"},\"potentialAction\":[{\"@type\":\"SearchAction\",\"target\":{\"@type\":\"EntryPoint\",\"urlTemplate\":\"https:\\\/\\\/casarural-lliber.com\\\/es\\\/?s={search_term_string}\"},\"query-input\":{\"@type\":\"PropertyValueSpecification\",\"valueRequired\":true,\"valueName\":\"search_term_string\"}}],\"inLanguage\":\"es\"},{\"@type\":\"Organization\",\"@id\":\"https:\\\/\\\/casarural-lliber.com\\\/es\\\/#organization\",\"name\":\"Casa Rural Lliber\",\"url\":\"https:\\\/\\\/casarural-lliber.com\\\/es\\\/\",\"logo\":{\"@type\":\"ImageObject\",\"inLanguage\":\"es\",\"@id\":\"https:\\\/\\\/casarural-lliber.com\\\/es\\\/#\\\/schema\\\/logo\\\/image\\\/\",\"url\":\"https:\\\/\\\/casarural-lliber.com\\\/wp-content\\\/uploads\\\/2022\\\/05\\\/casa-rural-lliber-logo-white.png\",\"contentUrl\":\"https:\\\/\\\/casarural-lliber.com\\\/wp-content\\\/uploads\\\/2022\\\/05\\\/casa-rural-lliber-logo-white.png\",\"width\":1920,\"height\":963,\"caption\":\"Casa Rural Lliber\"},\"image\":{\"@id\":\"https:\\\/\\\/casarural-lliber.com\\\/es\\\/#\\\/schema\\\/logo\\\/image\\\/\"},\"sameAs\":[\"https:\\\/\\\/www.facebook.com\\\/casarurallliber\"]}]}<\/script>\n<!-- \/ Yoast SEO plugin. -->","yoast_head_json":{"title":"Hotel Casa Rural Lliber | 4 Estrellas Casa Rural | Habitaciones con estilo","description":"Casa Rural Lliber**** es un hotel de lujo con desayuno y bar de vinos en hist\u00f3rico Lliber. En el coraz\u00f3n de la Vall de Pop se encuentra la Casa Rural Lliber**** | Reserva segura.","robots":{"index":"index","follow":"follow","max-snippet":"max-snippet:-1","max-image-preview":"max-image-preview:large","max-video-preview":"max-video-preview:-1"},"canonical":"https:\/\/casarural-lliber.com\/es\/","og_locale":"es_ES","og_type":"article","og_title":"Hotel Casa Rural Lliber | 4 Estrellas Casa Rural | Habitaciones con estilo","og_description":"Casa Rural Lliber**** es un hotel de lujo con desayuno y bar de vinos en hist\u00f3rico Lliber. En el coraz\u00f3n de la Vall de Pop se encuentra la Casa Rural Lliber**** | Reserva segura.","og_url":"https:\/\/casarural-lliber.com\/es\/","og_site_name":"Casa Rural Lliber","article_publisher":"https:\/\/www.facebook.com\/casarurallliber","article_modified_time":"2026-03-09T12:11:29+00:00","og_image":[{"width":2560,"height":1707,"url":"https:\/\/casarural-lliber.com\/wp-content\/uploads\/2022\/06\/casa-rural-lliber-hotel-25.jpeg","type":"image\/jpeg"}],"twitter_card":"summary_large_image","twitter_misc":{"Tiempo de lectura":"8 minutos"},"schema":{"@context":"https:\/\/schema.org","@graph":[{"@type":"WebPage","@id":"https:\/\/casarural-lliber.com\/es\/","url":"https:\/\/casarural-lliber.com\/es\/","name":"Hotel Casa Rural Lliber | 4 Estrellas Casa Rural | Habitaciones con estilo","isPartOf":{"@id":"https:\/\/casarural-lliber.com\/es\/#website"},"datePublished":"2022-05-04T11:36:23+00:00","dateModified":"2026-03-09T12:11:29+00:00","description":"Casa Rural Lliber**** es un hotel de lujo con desayuno y bar de vinos en hist\u00f3rico Lliber. En el coraz\u00f3n de la Vall de Pop se encuentra la Casa Rural Lliber**** | Reserva segura.","breadcrumb":{"@id":"https:\/\/casarural-lliber.com\/es\/#breadcrumb"},"inLanguage":"es","potentialAction":[{"@type":"ReadAction","target":["https:\/\/casarural-lliber.com\/es\/"]}]},{"@type":"BreadcrumbList","@id":"https:\/\/casarural-lliber.com\/es\/#breadcrumb","itemListElement":[{"@type":"ListItem","position":1,"name":"Home","item":"https:\/\/casarural-lliber.com\/es\/"},{"@type":"ListItem","position":2,"name":"Casa Rural"}]},{"@type":"WebSite","@id":"https:\/\/casarural-lliber.com\/es\/#website","url":"https:\/\/casarural-lliber.com\/es\/","name":"Casa Rural Lliber","description":"Relax, you&#039;ve found us","publisher":{"@id":"https:\/\/casarural-lliber.com\/es\/#organization"},"potentialAction":[{"@type":"SearchAction","target":{"@type":"EntryPoint","urlTemplate":"https:\/\/casarural-lliber.com\/es\/?s={search_term_string}"},"query-input":{"@type":"PropertyValueSpecification","valueRequired":true,"valueName":"search_term_string"}}],"inLanguage":"es"},{"@type":"Organization","@id":"https:\/\/casarural-lliber.com\/es\/#organization","name":"Casa Rural Lliber","url":"https:\/\/casarural-lliber.com\/es\/","logo":{"@type":"ImageObject","inLanguage":"es","@id":"https:\/\/casarural-lliber.com\/es\/#\/schema\/logo\/image\/","url":"https:\/\/casarural-lliber.com\/wp-content\/uploads\/2022\/05\/casa-rural-lliber-logo-white.png","contentUrl":"https:\/\/casarural-lliber.com\/wp-content\/uploads\/2022\/05\/casa-rural-lliber-logo-white.png","width":1920,"height":963,"caption":"Casa Rural Lliber"},"image":{"@id":"https:\/\/casarural-lliber.com\/es\/#\/schema\/logo\/image\/"},"sameAs":["https:\/\/www.facebook.com\/casarurallliber"]}]}},"_links":{"self":[{"href":"https:\/\/casarural-lliber.com\/es\/wp-json\/wp\/v2\/pages\/5","targetHints":{"allow":["GET"]}}],"collection":[{"href":"https:\/\/casarural-lliber.com\/es\/wp-json\/wp\/v2\/pages"}],"about":[{"href":"https:\/\/casarural-lliber.com\/es\/wp-json\/wp\/v2\/types\/page"}],"author":[{"embeddable":true,"href":"https:\/\/casarural-lliber.com\/es\/wp-json\/wp\/v2\/users\/1"}],"replies":[{"embeddable":true,"href":"https:\/\/casarural-lliber.com\/es\/wp-json\/wp\/v2\/comments?post=5"}],"version-history":[{"count":26,"href":"https:\/\/casarural-lliber.com\/es\/wp-json\/wp\/v2\/pages\/5\/revisions"}],"predecessor-version":[{"id":2960,"href":"https:\/\/casarural-lliber.com\/es\/wp-json\/wp\/v2\/pages\/5\/revisions\/2960"}],"wp:attachment":[{"href":"https:\/\/casarural-lliber.com\/es\/wp-json\/wp\/v2\/media?parent=5"}],"curies":[{"name":"wp","href":"https:\/\/api.w.org\/{rel}","templated":true}]}}