{"id":2601,"date":"2023-05-04T08:50:11","date_gmt":"2023-05-04T06:50:11","guid":{"rendered":"https:\/\/casarural-lliber.com\/algemene-voorwaarden\/"},"modified":"2023-05-09T09:09:16","modified_gmt":"2023-05-09T07:09:16","slug":"algemene-voorwaarden","status":"publish","type":"page","link":"https:\/\/casarural-lliber.com\/nl\/algemene-voorwaarden\/","title":{"rendered":"Algemene voorwaarden en huisregels"},"content":{"rendered":"<p>[et_pb_section fb_built=&#8221;1&#8243; _builder_version=&#8221;4.17.4&#8243; _module_preset=&#8221;default&#8221; use_background_color_gradient=&#8221;on&#8221; background_color_gradient_type=&#8221;elliptical&#8221; background_color_gradient_stops=&#8221;rgba(10,0,0,0.36) 43%|#000000 100%&#8221; background_color_gradient_overlays_image=&#8221;on&#8221; background_image=&#8221;https:\/\/casarural-lliber.com\/wp-content\/uploads\/2022\/06\/casa-rural-lliber-hotel-2-scaled.jpg&#8221; min_height=&#8221;350px&#8221; height=&#8221;40vh&#8221; max_height=&#8221;40vh&#8221; custom_margin=&#8221;-180px||||false|false&#8221; global_colors_info=&#8221;{}&#8221;][et_pb_row _builder_version=&#8221;4.17.4&#8243; _module_preset=&#8221;default&#8221; custom_margin=&#8221;20vh|auto||auto|false|false&#8221; global_colors_info=&#8221;{}&#8221;][et_pb_column type=&#8221;4_4&#8243; _builder_version=&#8221;4.17.4&#8243; _module_preset=&#8221;default&#8221; global_colors_info=&#8221;{}&#8221;][et_pb_text _builder_version=&#8221;4.17.4&#8243; _dynamic_attributes=&#8221;content&#8221; _module_preset=&#8221;default&#8221; header_2_font=&#8221;Libre Baskerville||||||||&#8221; header_2_text_align=&#8221;right&#8221; header_2_text_color=&#8221;#FFFFFF&#8221; header_2_font_size=&#8221;3em&#8221; header_2_text_align_tablet=&#8221;right&#8221; header_2_text_align_phone=&#8221;center&#8221; header_2_text_align_last_edited=&#8221;on|phone&#8221; header_2_font_size_tablet=&#8221;3em&#8221; header_2_font_size_phone=&#8221;2.5em&#8221; header_2_font_size_last_edited=&#8221;on|desktop&#8221; header_2_text_shadow_style=&#8221;preset1&#8243; global_colors_info=&#8221;{}&#8221;]@ET-DC@eyJkeW5hbWljIjp0cnVlLCJjb250ZW50IjoicG9zdF90aXRsZSIsInNldHRpbmdzIjp7ImJlZm9yZSI6IjxoMj4iLCJhZnRlciI6IiAifX0=@[\/et_pb_text][\/et_pb_column][\/et_pb_row][\/et_pb_section][et_pb_section fb_built=&#8221;1&#8243; _builder_version=&#8221;4.17.4&#8243; _module_preset=&#8221;default&#8221; global_colors_info=&#8221;{}&#8221;][et_pb_row _builder_version=&#8221;4.17.4&#8243; _module_preset=&#8221;default&#8221; global_colors_info=&#8221;{}&#8221;][et_pb_column type=&#8221;4_4&#8243; _builder_version=&#8221;4.17.4&#8243; _module_preset=&#8221;default&#8221; global_colors_info=&#8221;{}&#8221;][et_pb_text _builder_version=&#8221;4.21.0&#8243; _module_preset=&#8221;default&#8221; hover_enabled=&#8221;0&#8243; global_colors_info=&#8221;{}&#8221; sticky_enabled=&#8221;0&#8243;]<\/p>\n<h2 style=\"font-weight: 400;\"><strong>Algemene voorwaarden en huisregels.<\/strong><\/h2>\n<p style=\"font-weight: 400;\">Van harte welkom bij Casa Rural Lliber!<\/p>\n<p style=\"font-weight: 400;\">Om voor u en de andere gasten een aangenaam verblijf te cre\u00ebren gelden bij Casa Rural Lliber de volgende voorwaarden en huisregels.<\/p>\n<h3 style=\"font-weight: 400;\"><strong>Algemeen<\/strong><\/h3>\n<p style=\"font-weight: 400;\">Deze Algemene voorwaarden\/ Huisregels zijn van toepassing op alle gebruikers van Casa Rural Lliber. Met het bevestigen van de reservering worden deze Algemene Voorwaarden van kracht. Op verzoek wordt een exemplaar van deze Algemene Voorwaarden kosteloos verstrekt aan de gebruikers. Onze casa rural is niet geschikt voor (kleine) kinderen en mensen die slecht ter been zijn.<\/p>\n<h3 style=\"font-weight: 400;\"><strong>Reservering<\/strong><\/h3>\n<p style=\"font-weight: 400;\">Bij de reservering dient altijd correct melding te worden gemaakt van het aantal personen dat bij Casa Rural Lliber zal overnachten. De kamers zijn geschikt voor een maximale bezetting van 2 personen. Het is niet toegestaan om met meer dan twee personen in de kamer te overnachten en\/of te verblijven.<\/p>\n<p style=\"font-weight: 400;\">Met het aangaan van een huurovereenkomst voor uw verblijf worden deze Algemene Voorwaarden en huisregels van kracht. De gastheer\/vrouw kan gasten, bij overtreding van deze Algemene Voorwaarden en huisregels en bij ongepast gedrag, met onmiddellijke ingang de toegang tot Casa Rural Lliber ontzeggen en\/of weigeren, zonder verdere mededeling of reden en zonder tegemoetkoming van de verblijfskosten.<\/p>\n<p style=\"font-weight: 400;\">De reservering kan via onze website of per e-mail worden aangegaan. Na ontvangst van deze reservering sturen wij u een bevestiging van de reservering. Uw reservering is na het doen van de (aan)betaling definitief.<\/p>\n<h3 style=\"font-weight: 400;\"><strong>Annuleren<\/strong><\/h3>\n<p style=\"font-weight: 400;\">U kunt gratis annuleren tot 28 dagen voor aankomst. U betaalt de totaalprijs van de reservering als u annuleert binnen 7 dagen voor aankomst. Bij het niet komen opdagen van uw reservering (no show) zal de volledige reserveringsprijs aangerekend worden.<\/p>\n<h3 style=\"font-weight: 400;\">Betalingsvoorwaarden<\/h3>\n<p style=\"font-weight: 400;\">Na het ontvangen van de reserveringsbevestiging dient u binnen 4 dagen, 30% van de huurprijs te betalen, zoals vermeld op de bevestiging.<br \/>Uiterlijk 7 dagen voor de huurperiode van kamer dient de resterende 70 % van de volledige kamerprijs, te zijn overgemaakt op de rekening van Casa Rural Lliber.<\/p>\n<p style=\"font-weight: 400;\">Bij reservering op een termijn korter dan 2 weken voor aanvang van de huurperiode dient u de totale kamerprijs direct te voldoen.<\/p>\n<h3 style=\"font-weight: 400;\"><strong>Bezoekers<\/strong><\/h3>\n<p style=\"font-weight: 400;\">Indien u gasten wenst te ontvangen, dient u de gastheer of -vrouw hiervan vooraf in kennis te stellen.<\/p>\n<h3 style=\"font-weight: 400;\"><strong>Inchecken<\/strong><\/h3>\n<p style=\"font-weight: 400;\">Inchecken kan tussen 16:00 en 19.00 uur. In overleg met de gastheer\/vrouw kan een andere tijd worden afgesproken.<\/p>\n<p style=\"font-weight: 400;\">Geeft u in ieder geval uiterlijk \u00e9\u00e9n dag v\u00f3\u00f3r aankomst aan hoe laat u ongeveer verwacht aan te komen en bel of WhatsApp de gastheer of -vrouw op de dag zelf nog even 30 minuten voor aankomst. Zo is er zeker iemand aanwezig en hoeft u niet onnodig te wachten. Voor het inchecken kunt u zich melden bij de voordeur van de Casa Rural Lliber aan de Calle San Jos\u00e9 8 in Lliber.<\/p>\n<h3 style=\"font-weight: 400;\"><strong>Uitchecken<\/strong><\/h3>\n<p style=\"font-weight: 400;\">Uitchecken kan tussen 09:00 tot uiterlijk 11:00 uur op de dag van vertrek.<\/p>\n<h3 style=\"font-weight: 400;\"><strong>Sleutel<\/strong><\/h3>\n<p style=\"font-weight: 400;\">Bij aankomst ontvangt u van de gastheer of -vrouw \u00e9\u00e9n sleutel bestemd voor uw verblijf. U dient zelf zorg te dragen voor het afsluiten van de deuren van uw verblijf en voor het uitdoen van de verlichting. Bij het uitchecken graag de sleutel weer inleveren bij de gastheer of -vrouw. Bij verlies van de sleutel brengt Casa Rural Lliber u \u20ac 150,00 in rekening.<\/p>\n<h3 style=\"font-weight: 400;\"><strong>Ontbijt<\/strong><\/h3>\n<p style=\"font-weight: 400;\">Het ontbijt vindt plaats tussen 09.00 en 10.30 uur.<\/p>\n<h3 style=\"font-weight: 400;\"><strong>Parkeren<\/strong><\/h3>\n<p style=\"font-weight: 400;\">Uw auto kunt u gratis parkeren op de gemeentelijke parking.<br \/>Tevens zijn hier ook twee oplaadpunten voor elektrische auto\u2019s aanwezig.<\/p>\n<h3 style=\"font-weight: 400;\"><strong>Geluid<\/strong><\/h3>\n<p style=\"font-weight: 400;\">Casa Rural Lliber vraagt haar gasten om zich van luidruchtigheid in het door hen gehuurde verblijf en de algemene ruimtes te onthouden. Alle muziek \u2013 en elk ander geluid \u2013 op welke wijze voortgebracht moet op kamersterkte zijn afgestemd, zodat geen geluidsoverlast ontstaat voor de overige gasten en omwonenden en is sowieso verboden van \u2019s-Avonds 23:00 tot \u2019s morgens 08:00 uur. Wij verzoeken gasten vooral rekening te houden met geluidsoverlast op het dakterras en de patio.<\/p>\n<h3 style=\"font-weight: 400;\"><strong>Huisdieren<\/strong><\/h3>\n<p style=\"font-weight: 400;\">Huisdieren zijn niet toegestaan. Met uitzondering via reservering vooraf in suite 5.<\/p>\n<h3 style=\"font-weight: 400;\"><strong>Roken<\/strong><\/h3>\n<p style=\"font-weight: 400;\">Roken in de kamers en algemene ruimtes is verboden.<\/p>\n<h3 style=\"font-weight: 400;\"><strong>Internet<\/strong><\/h3>\n<p style=\"font-weight: 400;\">Casarural-Lliber biedt een gratis en snel Wi-Fi-gastnetwerk aan.<\/p>\n<h3 style=\"font-weight: 400;\"><strong>Televisie<\/strong><\/h3>\n<p style=\"font-weight: 400;\">Casa Rural Lliber beschikt over een ruim zenderpakket met keuze uit Spaanse, Nederlandse en Engelse zenders. De Tv\u2019s zijn uitgerust met internet zodat u ook kunt streamen.<\/p>\n<h3 style=\"font-weight: 400;\"><strong>Schade<\/strong><\/h3>\n<p style=\"font-weight: 400;\">Casa Rural Lliber is op geen enkele manier aansprakelijk voor enige vorm van schade, verlies of diefstal die u heeft of ondervind tijdens uw verblijf.<\/p>\n<p style=\"font-weight: 400;\">Mocht er tijdens uw verblijf schade worden veroorzaakt aan de accommodatie of de inrichting ervan, dient u de gastheer of -vrouw hiervan op de hoogte te stellen. Eventuele kosten om het terug in de oorspronkelijke staat terug te krijgen wordt in rekening gebracht.<\/p>\n<h3 style=\"font-weight: 400;\"><strong>Klachten<\/strong><\/h3>\n<p style=\"font-weight: 400;\">Uiteraard doen wij ons uiterste best om onze gasten een onbezorgd en onvergetelijk verblijf te bieden. Mocht er ondanks onze goede zorgen toch een klacht zijn, dan horen wij dat graag ter plaatse zodat wij dit direct kunnen oplossen.<\/p>\n<p style=\"font-weight: 400;\">Wij wensen u een zeer aangenaam en prettig verblijf.<\/p>\n<p>[\/et_pb_text][\/et_pb_column][\/et_pb_row][\/et_pb_section]<\/p>\n","protected":false},"excerpt":{"rendered":"<p>Algemene voorwaarden en huisregels. Van harte welkom bij Casa Rural Lliber! Om voor u en de andere gasten een aangenaam verblijf te cre\u00ebren gelden bij Casa Rural Lliber de volgende voorwaarden en huisregels. Algemeen Deze Algemene voorwaarden\/ Huisregels zijn van toepassing op alle gebruikers van Casa Rural Lliber. Met het bevestigen van de reservering worden [&hellip;]<\/p>\n","protected":false},"author":1,"featured_media":0,"parent":0,"menu_order":0,"comment_status":"closed","ping_status":"closed","template":"","meta":{"_et_pb_use_builder":"on","_et_pb_old_content":"","_et_gb_content_width":"","footnotes":""},"class_list":["post-2601","page","type-page","status-publish","hentry"],"yoast_head":"<!-- This site is optimized with the Yoast SEO plugin v27.5 - https:\/\/yoast.com\/product\/yoast-seo-wordpress\/ -->\n<title>Algemene voorwaarden en huisregels | Casa Rural Lliber<\/title>\n<meta name=\"robots\" content=\"index, follow, max-snippet:-1, max-image-preview:large, max-video-preview:-1\" \/>\n<link rel=\"canonical\" href=\"https:\/\/casarural-lliber.com\/nl\/algemene-voorwaarden\/\" \/>\n<meta property=\"og:locale\" content=\"nl_NL\" \/>\n<meta property=\"og:type\" content=\"article\" \/>\n<meta property=\"og:title\" content=\"Algemene voorwaarden en huisregels | Casa Rural Lliber\" \/>\n<meta property=\"og:description\" content=\"Algemene voorwaarden en huisregels. Van harte welkom bij Casa Rural Lliber! Om voor u en de andere gasten een aangenaam verblijf te cre\u00ebren gelden bij Casa Rural Lliber de volgende voorwaarden en huisregels. Algemeen Deze Algemene voorwaarden\/ Huisregels zijn van toepassing op alle gebruikers van Casa Rural Lliber. Met het bevestigen van de reservering worden [&hellip;]\" \/>\n<meta property=\"og:url\" content=\"https:\/\/casarural-lliber.com\/nl\/algemene-voorwaarden\/\" \/>\n<meta property=\"og:site_name\" content=\"Casa Rural Lliber\" \/>\n<meta property=\"article:publisher\" content=\"https:\/\/www.facebook.com\/casarurallliber\" \/>\n<meta property=\"article:modified_time\" content=\"2023-05-09T07:09:16+00:00\" \/>\n<meta property=\"og:image\" content=\"https:\/\/casarural-lliber.com\/wp-content\/uploads\/2022\/06\/casa-rural-lliber-hotel-25.jpeg\" \/>\n\t<meta property=\"og:image:width\" content=\"2560\" \/>\n\t<meta property=\"og:image:height\" content=\"1707\" \/>\n\t<meta property=\"og:image:type\" content=\"image\/jpeg\" \/>\n<meta name=\"twitter:card\" content=\"summary_large_image\" \/>\n<meta name=\"twitter:label1\" content=\"Geschatte leestijd\" \/>\n\t<meta name=\"twitter:data1\" content=\"5 minuten\" \/>\n<script type=\"application\/ld+json\" class=\"yoast-schema-graph\">{\"@context\":\"https:\\\/\\\/schema.org\",\"@graph\":[{\"@type\":\"WebPage\",\"@id\":\"https:\\\/\\\/casarural-lliber.com\\\/nl\\\/algemene-voorwaarden\\\/\",\"url\":\"https:\\\/\\\/casarural-lliber.com\\\/nl\\\/algemene-voorwaarden\\\/\",\"name\":\"Algemene voorwaarden en huisregels | Casa Rural Lliber\",\"isPartOf\":{\"@id\":\"https:\\\/\\\/casarural-lliber.com\\\/nl\\\/#website\"},\"datePublished\":\"2023-05-04T06:50:11+00:00\",\"dateModified\":\"2023-05-09T07:09:16+00:00\",\"breadcrumb\":{\"@id\":\"https:\\\/\\\/casarural-lliber.com\\\/nl\\\/algemene-voorwaarden\\\/#breadcrumb\"},\"inLanguage\":\"nl-NL\",\"potentialAction\":[{\"@type\":\"ReadAction\",\"target\":[\"https:\\\/\\\/casarural-lliber.com\\\/nl\\\/algemene-voorwaarden\\\/\"]}]},{\"@type\":\"BreadcrumbList\",\"@id\":\"https:\\\/\\\/casarural-lliber.com\\\/nl\\\/algemene-voorwaarden\\\/#breadcrumb\",\"itemListElement\":[{\"@type\":\"ListItem\",\"position\":1,\"name\":\"Home\",\"item\":\"https:\\\/\\\/casarural-lliber.com\\\/nl\\\/\"},{\"@type\":\"ListItem\",\"position\":2,\"name\":\"Algemene voorwaarden en huisregels\"}]},{\"@type\":\"WebSite\",\"@id\":\"https:\\\/\\\/casarural-lliber.com\\\/nl\\\/#website\",\"url\":\"https:\\\/\\\/casarural-lliber.com\\\/nl\\\/\",\"name\":\"Casa Rural Lliber\",\"description\":\"Relax, you&#039;ve found us\",\"publisher\":{\"@id\":\"https:\\\/\\\/casarural-lliber.com\\\/nl\\\/#organization\"},\"potentialAction\":[{\"@type\":\"SearchAction\",\"target\":{\"@type\":\"EntryPoint\",\"urlTemplate\":\"https:\\\/\\\/casarural-lliber.com\\\/nl\\\/?s={search_term_string}\"},\"query-input\":{\"@type\":\"PropertyValueSpecification\",\"valueRequired\":true,\"valueName\":\"search_term_string\"}}],\"inLanguage\":\"nl-NL\"},{\"@type\":\"Organization\",\"@id\":\"https:\\\/\\\/casarural-lliber.com\\\/nl\\\/#organization\",\"name\":\"Casa Rural Lliber\",\"url\":\"https:\\\/\\\/casarural-lliber.com\\\/nl\\\/\",\"logo\":{\"@type\":\"ImageObject\",\"inLanguage\":\"nl-NL\",\"@id\":\"https:\\\/\\\/casarural-lliber.com\\\/nl\\\/#\\\/schema\\\/logo\\\/image\\\/\",\"url\":\"https:\\\/\\\/casarural-lliber.com\\\/wp-content\\\/uploads\\\/2022\\\/05\\\/casa-rural-lliber-logo-white.png\",\"contentUrl\":\"https:\\\/\\\/casarural-lliber.com\\\/wp-content\\\/uploads\\\/2022\\\/05\\\/casa-rural-lliber-logo-white.png\",\"width\":1920,\"height\":963,\"caption\":\"Casa Rural Lliber\"},\"image\":{\"@id\":\"https:\\\/\\\/casarural-lliber.com\\\/nl\\\/#\\\/schema\\\/logo\\\/image\\\/\"},\"sameAs\":[\"https:\\\/\\\/www.facebook.com\\\/casarurallliber\"]}]}<\/script>\n<!-- \/ Yoast SEO plugin. -->","yoast_head_json":{"title":"Algemene voorwaarden en huisregels | Casa Rural Lliber","robots":{"index":"index","follow":"follow","max-snippet":"max-snippet:-1","max-image-preview":"max-image-preview:large","max-video-preview":"max-video-preview:-1"},"canonical":"https:\/\/casarural-lliber.com\/nl\/algemene-voorwaarden\/","og_locale":"nl_NL","og_type":"article","og_title":"Algemene voorwaarden en huisregels | Casa Rural Lliber","og_description":"Algemene voorwaarden en huisregels. Van harte welkom bij Casa Rural Lliber! Om voor u en de andere gasten een aangenaam verblijf te cre\u00ebren gelden bij Casa Rural Lliber de volgende voorwaarden en huisregels. Algemeen Deze Algemene voorwaarden\/ Huisregels zijn van toepassing op alle gebruikers van Casa Rural Lliber. Met het bevestigen van de reservering worden [&hellip;]","og_url":"https:\/\/casarural-lliber.com\/nl\/algemene-voorwaarden\/","og_site_name":"Casa Rural Lliber","article_publisher":"https:\/\/www.facebook.com\/casarurallliber","article_modified_time":"2023-05-09T07:09:16+00:00","og_image":[{"width":2560,"height":1707,"url":"https:\/\/casarural-lliber.com\/wp-content\/uploads\/2022\/06\/casa-rural-lliber-hotel-25.jpeg","type":"image\/jpeg"}],"twitter_card":"summary_large_image","twitter_misc":{"Geschatte leestijd":"5 minuten"},"schema":{"@context":"https:\/\/schema.org","@graph":[{"@type":"WebPage","@id":"https:\/\/casarural-lliber.com\/nl\/algemene-voorwaarden\/","url":"https:\/\/casarural-lliber.com\/nl\/algemene-voorwaarden\/","name":"Algemene voorwaarden en huisregels | Casa Rural Lliber","isPartOf":{"@id":"https:\/\/casarural-lliber.com\/nl\/#website"},"datePublished":"2023-05-04T06:50:11+00:00","dateModified":"2023-05-09T07:09:16+00:00","breadcrumb":{"@id":"https:\/\/casarural-lliber.com\/nl\/algemene-voorwaarden\/#breadcrumb"},"inLanguage":"nl-NL","potentialAction":[{"@type":"ReadAction","target":["https:\/\/casarural-lliber.com\/nl\/algemene-voorwaarden\/"]}]},{"@type":"BreadcrumbList","@id":"https:\/\/casarural-lliber.com\/nl\/algemene-voorwaarden\/#breadcrumb","itemListElement":[{"@type":"ListItem","position":1,"name":"Home","item":"https:\/\/casarural-lliber.com\/nl\/"},{"@type":"ListItem","position":2,"name":"Algemene voorwaarden en huisregels"}]},{"@type":"WebSite","@id":"https:\/\/casarural-lliber.com\/nl\/#website","url":"https:\/\/casarural-lliber.com\/nl\/","name":"Casa Rural Lliber","description":"Relax, you&#039;ve found us","publisher":{"@id":"https:\/\/casarural-lliber.com\/nl\/#organization"},"potentialAction":[{"@type":"SearchAction","target":{"@type":"EntryPoint","urlTemplate":"https:\/\/casarural-lliber.com\/nl\/?s={search_term_string}"},"query-input":{"@type":"PropertyValueSpecification","valueRequired":true,"valueName":"search_term_string"}}],"inLanguage":"nl-NL"},{"@type":"Organization","@id":"https:\/\/casarural-lliber.com\/nl\/#organization","name":"Casa Rural Lliber","url":"https:\/\/casarural-lliber.com\/nl\/","logo":{"@type":"ImageObject","inLanguage":"nl-NL","@id":"https:\/\/casarural-lliber.com\/nl\/#\/schema\/logo\/image\/","url":"https:\/\/casarural-lliber.com\/wp-content\/uploads\/2022\/05\/casa-rural-lliber-logo-white.png","contentUrl":"https:\/\/casarural-lliber.com\/wp-content\/uploads\/2022\/05\/casa-rural-lliber-logo-white.png","width":1920,"height":963,"caption":"Casa Rural Lliber"},"image":{"@id":"https:\/\/casarural-lliber.com\/nl\/#\/schema\/logo\/image\/"},"sameAs":["https:\/\/www.facebook.com\/casarurallliber"]}]}},"_links":{"self":[{"href":"https:\/\/casarural-lliber.com\/nl\/wp-json\/wp\/v2\/pages\/2601","targetHints":{"allow":["GET"]}}],"collection":[{"href":"https:\/\/casarural-lliber.com\/nl\/wp-json\/wp\/v2\/pages"}],"about":[{"href":"https:\/\/casarural-lliber.com\/nl\/wp-json\/wp\/v2\/types\/page"}],"author":[{"embeddable":true,"href":"https:\/\/casarural-lliber.com\/nl\/wp-json\/wp\/v2\/users\/1"}],"replies":[{"embeddable":true,"href":"https:\/\/casarural-lliber.com\/nl\/wp-json\/wp\/v2\/comments?post=2601"}],"version-history":[{"count":2,"href":"https:\/\/casarural-lliber.com\/nl\/wp-json\/wp\/v2\/pages\/2601\/revisions"}],"predecessor-version":[{"id":2603,"href":"https:\/\/casarural-lliber.com\/nl\/wp-json\/wp\/v2\/pages\/2601\/revisions\/2603"}],"wp:attachment":[{"href":"https:\/\/casarural-lliber.com\/nl\/wp-json\/wp\/v2\/media?parent=2601"}],"curies":[{"name":"wp","href":"https:\/\/api.w.org\/{rel}","templated":true}]}}